{"id":9366,"date":"2024-03-01T12:30:27","date_gmt":"2024-03-01T11:30:27","guid":{"rendered":"https:\/\/franchise.raisonhome.com?page_id=9366"},"modified":"2024-12-13T14:24:27","modified_gmt":"2024-12-13T13:24:27","slug":"mentions-legales","status":"publish","type":"page","link":"https:\/\/franchise.raisonhome.com\/fr-be\/mentions-legales\/","title":{"rendered":"Mentions l\u00e9gales"},"content":{"rendered":"\n<h2 class=\"wp-block-heading\">CONCEPTEUR<\/h2>\n\n\n\n<p><a href=\"http:\/\/hiboost.fr\" rel=\"nofollow noopener\" target=\"_blank\">Agence Hiboost<\/a><br>74D rue de Paris<br>35000 Rennes<\/p>\n\n\n\n<h2 class=\"wp-block-heading\">EDITEUR<\/h2>\n\n\n\n<p>Raison Home<br>ZA de la Hallerais<br>11 Rue du bois de Soeuvres<br>B\u00e2timent La Palmeraie<br>35 770 Vern-sur-seiche<\/p>\n\n\n\n<p>Tel : 02 99 27 75 14<br>Fax : 02 99 26 18 04<br>contact@cuisines-raison.com<\/p>\n\n\n\n<p>S.A.S. au capital de 51 240 Euros<br>RCS Rennes 428 155 956<br>APE: 8299Z<\/p>\n\n\n\n<h2 class=\"wp-block-heading\">OBJECTIF ET QUALIT\u00c9 DES CONTENUS<\/h2>\n\n\n\n<p>Ce site a pour objectif d\u2019informer le grand public, les professionnels et les collaborateurs. Raison Home propose des contenus de qualit\u00e9 mettant en avant le m\u00e9tier et le savoir-faire de cuisiniste \u00e0 domicile en publiant les r\u00e9alisations des franchis\u00e9s r\u00e9partis sur l\u2019ensemble du territoire. Si toutefois une information semble inexacte ou contient une erreur typographique, vous pouvez le signaler \u00e0 l\u2019administrateur du site.<\/p>\n\n\n\n<h2 class=\"wp-block-heading\">R\u00c9UTILISATION DES CONTENUS<\/h2>\n\n\n\n<p>Sauf mention contraire, l\u2019ensemble des contenus pr\u00e9sents sur le site Raison Home lui appartiennent et ne peuvent \u00eatre repris pour qu\u2019elle qu\u2019autre utilisation. Seuls les partages sur les r\u00e9seaux sociaux sont accept\u00e9s.<\/p>\n\n\n\n<h2 class=\"wp-block-heading\">LE DROIT DE PROPRI\u00c9T\u00c9 INTELLECTUELLE<\/h2>\n\n\n\n<p>La marque \u00abRaison Home\u00bb a \u00e9t\u00e9 d\u00e9pos\u00e9e \u00e0 l\u2019INPI et enregistr\u00e9e dans les classes 7, 9, 11, 20, 21, 35, 38, 42, en date du 08\/04\/2019. Cet enregistrement, effectu\u00e9 au nom de Cuisines RAISON SARL, La Palmeraie, 11 Rue du bois de Soeuvres 35770 VERN SUR SEICHE, a \u00e9t\u00e9 publi\u00e9 au bulletin officiel de la propri\u00e9t\u00e9 industrielle sous le N\u00b0 19\/41 Vol. II du 11 octobre 2019.<\/p>\n\n\n\n<p>D\u2019autre part la marque \u00ab Satisfaction 101% \u00bb, a \u00e9t\u00e9 d\u00e9pos\u00e9e aupr\u00e8s des services de l\u2019INPI le 24\/12\/1998 dans les classes 11, 20, 37, 42 et enregistr\u00e9e au nom de Claude Raison, 1 rue de Bellevue, 44290 Gu\u00e9men\u00e9-Penfao. Elle a \u00e9t\u00e9 publi\u00e9e au bulletin officiel de la propri\u00e9t\u00e9 industrielle sous le num\u00e9ro 99\/24 NL Vol. II le 11 juin 1999.<\/p>\n\n\n\n<h2 class=\"wp-block-heading\">INFORMATIQUE ET LIBERT\u00c9S<\/h2>\n\n\n\n<p>En France, les donn\u00e9es personnelles sont prot\u00e9g\u00e9es par la loi n\u00b0 78-87 du 6 janvier 1978, la loi n\u00b0 2004-801 du 6 ao\u00fbt 2004, l\u2019article L. 226-13 du Code p\u00e9nal et la Directive Europ\u00e9enne du 24 octobre 1995.<\/p>\n\n\n\n<p>En tout \u00e9tat de cause Raison Home ne collecte des informations personnelles relatives \u00e0 l\u2019utilisateur que pour le besoin des services propos\u00e9s par le site www.raisonhome.com (demande de devis aupr\u00e8s d\u2019un professionnel Raison Home, demande de contact avec les administrateurs du site). L\u2019utilisateur fournit ces informations en toute connaissance de cause, notamment lorsqu\u2019il proc\u00e8de par lui-m\u00eame \u00e0 leur saisie. Il est alors pr\u00e9cis\u00e9 \u00e0 l\u2019utilisateur le caract\u00e8re obligatoire ou non des informations qu\u2019il serait amen\u00e9 \u00e0 fournir.<\/p>\n\n\n\n<h2 class=\"wp-block-heading\">RECTIFICATION DES INFORMATIONS NOMINATIVES COLLECT\u00c9ES<\/h2>\n\n\n\n<p>Conform\u00e9ment aux dispositions de l\u2019article 34 de la loi n\u00b0 48-87 du 6 janvier 1978, l\u2019utilisateur dispose d\u2019un droit de modification des donn\u00e9es nominatives collect\u00e9es le concernant. Pour ce faire, l\u2019utilisateur peut envoyer \u00e0 Raison Home :<\/p>\n\n\n\n<ul class=\"wp-block-list\">\n<li>le\u00a0<a href=\"http:\/\/helium-connect.fr\/player\/4face1cce694aa78de000001\/fid\/5ab264d5441eec65db0019c5\" target=\"_blank\" rel=\"noreferrer noopener nofollow\">formulaire de d\u00e9sinscription<\/a><\/li>\n\n\n\n<li>un courrier \u00e0 l\u2019adresse du si\u00e8ge en indiquant son nom ou sa raison sociale, ses coordonn\u00e9es physiques et\/ou \u00e9lectroniques, ainsi que le cas \u00e9ch\u00e9ant la r\u00e9f\u00e9rence dont il disposerait en tant qu\u2019utilisateur du site. La modification interviendra dans des d\u00e9lais raisonnables \u00e0 compter de la r\u00e9ception de la demande de l\u2019utilisateur.<\/li>\n<\/ul>\n\n\n\n<h2 class=\"wp-block-heading\">COOKIES<\/h2>\n\n\n\n<p>Ce site utilise Google Analytics, un service d\u2019analyse de site internet fourni par Google Inc. (\u00ab Google \u00bb). Google Analytics utilise des cookies , qui sont des fichiers texte plac\u00e9s sur votre ordinateur, pour aider le site internet \u00e0 analyser l\u2019utilisation du site par ses utilisateurs. Les donn\u00e9es g\u00e9n\u00e9r\u00e9es par les cookies concernant votre utilisation du site (y compris votre adresse IP) seront transmises et stock\u00e9es par Google sur des serveurs situ\u00e9s aux Etats-Unis. Google utilisera cette information dans le but d\u2019\u00e9valuer votre utilisation du site, de compiler des rapports sur l\u2019activit\u00e9 du site \u00e0 destination de son \u00e9diteur et de fournir d\u2019autres services relatifs \u00e0 l\u2019activit\u00e9 du site et \u00e0 l\u2019utilisation d\u2019Internet. Google est susceptible de communiquer ces donn\u00e9es \u00e0 des tiers en cas d\u2019obligation l\u00e9gale ou lorsque ces tiers traitent ces donn\u00e9es pour le compte de Google, y compris notamment l\u2019\u00e9diteur de ce site. Google ne recoupera pas votre adresse IP avec toute autre donn\u00e9e d\u00e9tenue par Google. Vous pouvez d\u00e9sactiver l\u2019utilisation de cookies en s\u00e9lectionnant les param\u00e8tres appropri\u00e9s de votre navigateur. Cependant, une telle d\u00e9sactivation pourrait emp\u00eacher l\u2019utilisation de certaines fonctionnalit\u00e9s de ce site. En utilisant ce site internet, vous consentez express\u00e9ment au traitement de vos donn\u00e9es nominatives par Google dans les conditions et pour les finalit\u00e9s d\u00e9crites ci-dessus.<\/p>\n\n\n\n<p>Les fonctionnalit\u00e9s de Google Analytics pour les annonceurs display sont activ\u00e9es pour ce site (Remarketing). Google utilise des cookies pour diffuser nos annonces sur les sites de son Reseau Display. Gr\u00e2ce au cookie, Google adapte les annonces diffus\u00e9es aux utilisateurs en fonction de leur navigation sur notre site. Vous pouvez d\u00e9sactiver l\u2019utilisation de cette fonctionnalit\u00e9 en vous rendant sur le gestionnaire de pr\u00e9f\u00e9rences pour les annonces.<\/p>\n","protected":false},"excerpt":{"rendered":"<p>CONCEPTEUR Agence Hiboost74D rue de Paris35000 Rennes EDITEUR Raison HomeZA de la Hallerais11 Rue du bois de SoeuvresB\u00e2timent La Palmeraie35 770 Vern-sur-seiche Tel : 02 99 27 75 14Fax : 02 99 26 18 04contact@cuisines-raison.com S.A.S. au capital de 51 240 EurosRCS Rennes 428 155 956APE: 8299Z OBJECTIF ET QUALIT\u00c9 DES CONTENUS Ce site a [&hellip;]<\/p>\n","protected":false},"author":1,"featured_media":0,"parent":0,"menu_order":0,"comment_status":"closed","ping_status":"open","template":"","meta":{"_acf_changed":false,"footnotes":""},"class_list":["post-9366","page","type-page","status-publish","hentry"],"acf":[],"_links":{"self":[{"href":"https:\/\/franchise.raisonhome.com\/fr-be\/wp-json\/wp\/v2\/pages\/9366","targetHints":{"allow":["GET"]}}],"collection":[{"href":"https:\/\/franchise.raisonhome.com\/fr-be\/wp-json\/wp\/v2\/pages"}],"about":[{"href":"https:\/\/franchise.raisonhome.com\/fr-be\/wp-json\/wp\/v2\/types\/page"}],"author":[{"embeddable":true,"href":"https:\/\/franchise.raisonhome.com\/fr-be\/wp-json\/wp\/v2\/users\/1"}],"replies":[{"embeddable":true,"href":"https:\/\/franchise.raisonhome.com\/fr-be\/wp-json\/wp\/v2\/comments?post=9366"}],"version-history":[{"count":2,"href":"https:\/\/franchise.raisonhome.com\/fr-be\/wp-json\/wp\/v2\/pages\/9366\/revisions"}],"predecessor-version":[{"id":11458,"href":"https:\/\/franchise.raisonhome.com\/fr-be\/wp-json\/wp\/v2\/pages\/9366\/revisions\/11458"}],"wp:attachment":[{"href":"https:\/\/franchise.raisonhome.com\/fr-be\/wp-json\/wp\/v2\/media?parent=9366"}],"curies":[{"name":"wp","href":"https:\/\/api.w.org\/{rel}","templated":true}]}}