{"id":9330,"date":"2024-03-13T14:50:33","date_gmt":"2024-03-13T13:50:33","guid":{"rendered":"https:\/\/franchise.raisonhome.com?page_id=9330"},"modified":"2025-05-27T16:21:01","modified_gmt":"2025-05-27T14:21:01","slug":"developper-son-entreprise","status":"publish","type":"page","link":"https:\/\/franchise.raisonhome.com\/fr-be\/developper-son-entreprise\/","title":{"rendered":"D\u00e9velopper son entreprise"},"content":{"rendered":"<section class=\"acf entete-de-page-2 align wp-block-acf-entete-de-page-2\" id=\"block_af8893a7a4c490f66d296a97b355bbe5\">\n\t<div class=\"container\">\n\t\t<div class=\"logo\"><\/div>\n\t\t<h1>D\u00e9velopper son <mark>entreprise<\/mark><\/h1>\n\t\t<p>Nous mettons tout en \u0153uvre pour faire grandir votre business en fonction de vos envies et de vos objectifs pour une r\u00e9ussite commune.<\/p>\n\t<\/div>\n<\/section>\n\n\n<hr class=\"wp-block-separator has-alpha-channel-opacity\"\/>\n\n\n\n<div class=\"wp-block-columns are-vertically-aligned-center is-layout-flex wp-container-core-columns-is-layout-28f84493 wp-block-columns-is-layout-flex\">\n<div class=\"wp-block-column is-vertically-aligned-center is-layout-flow wp-block-column-is-layout-flow\">\n<figure class=\"wp-block-image size-full is-style-rounded\"><img loading=\"lazy\" decoding=\"async\" width=\"525\" height=\"525\" src=\"https:\/\/franchise.raisonhome.com\/app\/uploads\/2024\/09\/developper-priorites2.jpg\" alt=\"Vos priorit\u00e9s en tant qu'entrepreneur chez Raison Home\" class=\"wp-image-10808\" srcset=\"https:\/\/franchise.raisonhome.com\/app\/uploads\/2024\/09\/developper-priorites2.jpg 525w, https:\/\/franchise.raisonhome.com\/app\/uploads\/2024\/09\/developper-priorites2-300x300.jpg 300w, https:\/\/franchise.raisonhome.com\/app\/uploads\/2024\/09\/developper-priorites2-150x150.jpg 150w\" sizes=\"auto, (max-width: 525px) 100vw, 525px\" \/><\/figure>\n<\/div>\n\n\n\n<div class=\"wp-block-column is-vertically-aligned-center is-layout-flow wp-block-column-is-layout-flow\">\n<h2 class=\"wp-block-heading\"><mark style=\"background-color:rgba(0, 0, 0, 0)\" class=\"has-inline-color has-1-color\">La rentabilit\u00e9<\/mark> est \u00e0 votre port\u00e9e<\/h2>\n\n\n\n<p><strong>Assurez la croissance durable de votre entreprise<\/strong>\u00a0en renfor\u00e7ant votre pr\u00e9sence locale pour attirer un flux r\u00e9gulier de prospects. D\u00e9velopper son entreprise commence par une notori\u00e9t\u00e9 accrue dans votre r\u00e9gion et g\u00e9n\u00e8re naturellement de nouvelles opportunit\u00e9s.<\/p>\n\n\n\n<div style=\"height:10px\" aria-hidden=\"true\" class=\"wp-block-spacer\"><\/div>\n\n\n\n<p><strong>Fid\u00e9liser vos clients<\/strong> est tout aussi essentiel : des clients satisfaits deviennent vos meilleurs ambassadeurs, multipliant les recommandations et boostant vos ventes.<\/p>\n\n\n\n<div style=\"height:10px\" aria-hidden=\"true\" class=\"wp-block-spacer\"><\/div>\n\n\n\n<p><strong>Optimiser votre rentabilit\u00e9<\/strong> en am\u00e9liorant la conversion de vos prospects en clients, en affinant vos offres et en ma\u00eetrisant votre marge.<\/p>\n\n\n\n<div style=\"height:10px\" aria-hidden=\"true\" class=\"wp-block-spacer\"><\/div>\n\n\n\n<p><strong>Vous n\u2019\u00eates jamais seul<\/strong> : une personne d\u00e9di\u00e9e \u00e0 l\u2019animation commerciale ainsi qu\u2019une \u00e9quipe marketing vous accompagnent au quotidien pour atteindre vos objectifs plus facilement et assurer une croissance financi\u00e8re solide. Ainsi, d\u00e9velopper son entreprise se fait de fa\u00e7on sereine et vous investissez l\u00e0 o\u00f9 cela compte vraiment.<\/p>\n<\/div>\n<\/div>\n\n\n\n<hr class=\"wp-block-separator has-alpha-channel-opacity\"\/>\n\n\n\n<h5 class=\"wp-block-heading\">Nos \u00e9quipes vous <mark style=\"background-color:rgba(0, 0, 0, 0)\" class=\"has-inline-color has-1-color\">accompagnent au quotidien<\/mark> pour vous permettre de vous concentrer sur l&#8217;essentiel : <mark style=\"background-color:rgba(0, 0, 0, 0)\" class=\"has-inline-color has-1-color\">attirer des clients<\/mark> et <mark style=\"background-color:rgba(0, 0, 0, 0)\" class=\"has-inline-color has-1-color\">les enchanter<\/mark><\/h5>\n\n\n<section class=\"acf onglets align wp-block-acf-onglets\" id=\"block_2923cb219280af6591b9879fd91352a2\">\n\t<div class=\"container\">\n\t\t\n\n\t\t\t\t\t\t\t<div class=\"firstSlider\">\n\t\t\t\t\t<div class=\"thumbs swiper\" data-slider=\"onglets\">\n\t\t\t\t\t\t<div class=\"swiper-wrapper\">\n\t\t\t\t\t\t\t\t\t\t\t\t\t\t\t<div class=\"onglet  swiper-slide\">\n\t\t\t\t\t\t\t\t\tUn accompagnement permanent\n\t\t\t\t\t\t\t\t<\/div>\n\t\t\t\t\t\t\t\t\t\t\t\t\t\t\t<div class=\"onglet  swiper-slide\">\n\t\t\t\t\t\t\t\t\tDes outils d&#8217;entraides\n\t\t\t\t\t\t\t\t<\/div>\n\t\t\t\t\t\t\t\t\t\t\t\t\t\t\t<div class=\"onglet  swiper-slide\">\n\t\t\t\t\t\t\t\t\tUn soutien m\u00e9tier\n\t\t\t\t\t\t\t\t<\/div>\n\t\t\t\t\t\t\t\t\t\t\t\t\t\t\t<div class=\"onglet  swiper-slide\">\n\t\t\t\t\t\t\t\t\tL&#8217;am\u00e9lioration continue\n\t\t\t\t\t\t\t\t<\/div>\n\t\t\t\t\t\t\t\t\t\t\t\t\t\t\t<div class=\"onglet  swiper-slide\">\n\t\t\t\t\t\t\t\t\tL&#8217;optimisation administrative\n\t\t\t\t\t\t\t\t<\/div>\n\t\t\t\t\t\t\t\t\t\t\t\t\t<\/div>\n\t\t\t\t\t\t\n\t\t\t\t\t<\/div>\n\t\t\t\t\t<div class=\"swiper-onglet-prev\"><\/div>\n\t\t\t\t\t<div class=\"swiper-onglet-next\"><\/div>\n\t\t\t\t<\/div>\n\t\t\t\n\n\t\t\t\t\t\t\t\t\t\t<div class=\"onglets swiper\" data-slider=\"bigonglets\">\n\t\t\t\t\t<div class=\"swiper-wrapper\">\n\t\t\t\t\t\t\t\t\t\t\t\t\t\t\t\t\t\t\t<div class=\"contenu swiper-slide\">\n\t\t\t\t\t\t\t\t<strong class=\"title\">Un accompagnement permanent<\/strong>\n\t\t\t\t\t\t\t\t<p><strong>Suivi r\u00e9gulier et personnalis\u00e9<\/strong><\/p>\n<p>Des contacts r\u00e9guliers nous permettent de challenger les r\u00e9sultats obtenus par rapport aux objectifs fix\u00e9s initialement. Ce suivi nous permet d&#8217;identifier les points forts et les axes d&#8217;am\u00e9lioration, et de mettre en place des plans d&#8217;actions correctifs efficaces.<\/p>\n<p><strong>Am\u00e9lioration continue et collaborative<\/strong><\/p>\n<p>L&#8217;am\u00e9lioration continue est au c\u0153ur de notre d\u00e9marche. Nous organisons des comit\u00e9s de r\u00e9flexion d\u00e9di\u00e9s \u00e0 l&#8217;am\u00e9lioration continue, r\u00e9unissant des franchis\u00e9s et l\u2019\u00e9quipe franchise. Ces comit\u00e9s sont des espaces d&#8217;\u00e9changes et de r\u00e9flexions sur l\u2019avenir, permettant d&#8217;identifier les axes d&#8217;am\u00e9lioration et de proposer des solutions innovantes.<\/p>\n<p><strong>Partage d&#8217;exp\u00e9rience et d\u00e9veloppement<\/strong><\/p>\n<p>Nous favorisons le partage d&#8217;exp\u00e9rience et la collaboration au sein de notre r\u00e9seau. Des r\u00e9unions r\u00e9guli\u00e8res sont organis\u00e9es pour permettre aux membres de notre r\u00e9seau d&#8217;\u00e9changer les bonnes pratiques et de r\u00e9fl\u00e9chir ensemble \u00e0 nos plans de d\u00e9veloppement. Ces rencontres sont l&#8217;occasion de cr\u00e9er des synergies, de vous aider dans votre quotidien et d\u2019\u00e9changer sur vos r\u00e9alisations avant le partage au client.<\/p>\n\n\t\t\t\t\t\t\t<\/div>\n\t\t\t\t\t\t\t\t\t\t\t\t\t\t\t\t\t\t\t\t<div class=\"contenu swiper-slide\">\n\t\t\t\t\t\t\t\t<strong class=\"title\">Des outils d&#8217;entraides<\/strong>\n\t\t\t\t\t\t\t\t<p><strong>La r\u00e9solution de probl\u00e8mes<\/strong><\/p>\n<p>Notre \u00e9quipe est l\u00e0 pour vous aider \u00e0 surmonter les obstacles que vous pourriez rencontrer dans votre quotidien sur l\u2019ensemble des aspects entrepreneuriaux, conception, communication, etc.<\/p>\n<p><strong>Une messagerie instantan\u00e9e interne pour le partage de connaissances<\/strong><\/p>\n<p>L\u2019intelligence collective est cruciale pour nous, c\u2019est pourquoi tous les membres <a href=\"https:\/\/www.raisonhome.com\/fr-be\/\" target=\"_blank\" rel=\"nofollow noopener\">Raison Home<\/a> b\u00e9n\u00e9ficient d\u2019un outil de messagerie instantan\u00e9e pour \u00e9changer librement sur du partage d\u2019exp\u00e9riences, r\u00e9solution de probl\u00e9matiques, avis divers, aide \u00e0 la conception. Cet outil permet la r\u00e9solution rapide de questions ou de probl\u00e9matiques bloquantes.<\/p>\n<p><strong>Un syst\u00e8me de ticketing pour un suivi transparent de vos requ\u00eates<\/strong><\/p>\n<p>Notre syst\u00e8me de ticketing vous permet de suivre l&#8217;avancement de vos requ\u00eates en temps r\u00e9el, de communiquer facilement avec notre \u00e9quipe et de conserver un historique complet de vos \u00e9changes. Vous gardez ainsi le contr\u00f4le et la visibilit\u00e9 sur vos demandes.<\/p>\n\n\t\t\t\t\t\t\t<\/div>\n\t\t\t\t\t\t\t\t\t\t\t\t\t\t\t\t\t\t\t\t<div class=\"contenu swiper-slide\">\n\t\t\t\t\t\t\t\t<strong class=\"title\">Un soutien m\u00e9tier<\/strong>\n\t\t\t\t\t\t\t\t<p><strong>Une \u00e9quipe m\u00e9tier \u00e0 votre \u00e9coute<\/strong><\/p>\n<p>Notre \u00e9quipe peut r\u00e9pondre \u00e0 l\u2019ensemble de vos probl\u00e9matiques du m\u00e9tier de concepteur et prendra le temps de vous conseiller, de r\u00e9pondre \u00e0 une interrogation, de lever un doute, de vous former. Cela peut aller d\u2019une h\u00e9sitation sur une sc\u00e8ne 3D \u00e0 une question de votre marge sur un projet en passant par l\u2019optimisation de la VR.<\/p>\n<p><strong>Des fournisseurs avec vous<\/strong><\/p>\n<p>Vous aurez un contact direct avec nos fournisseurs r\u00e9f\u00e9renc\u00e9s par l\u2019interm\u00e9diaire de commerciaux d\u00e9di\u00e9es sur votre secteur pour vous aider \u00e0 \u00eatre \u00e0 l\u2019aise avec l\u2019utilisation de leurs produits et leur fa\u00e7on de fonctionner.<\/p>\n\n\t\t\t\t\t\t\t<\/div>\n\t\t\t\t\t\t\t\t\t\t\t\t\t\t\t\t\t\t\t\t<div class=\"contenu swiper-slide\">\n\t\t\t\t\t\t\t\t<strong class=\"title\">L&#8217;am\u00e9lioration continue<\/strong>\n\t\t\t\t\t\t\t\t<p>Pour nous, il est important de se former r\u00e9guli\u00e8rement pour rester comp\u00e9titif et pouvoir proposer aux clients les derni\u00e8res nouveaut\u00e9s et am\u00e9liorations dans notre domaine. C\u2019est pourquoi nous rythmons l\u2019ann\u00e9e avec des formations durant nos rencontres (s\u00e9minaires et convention) ainsi qu\u2019avec notre catalogue de formation continue.<\/p>\n<p>Nous organisons aussi chaque ann\u00e9e\u00a0:<\/p>\n<ul>\n<li>Des visites usines, chez nos fournisseurs<\/li>\n<li>Des visites salons, pour voir les nouveaut\u00e9s de nos fournisseurs et rencontrer de nouveaux acteurs sur le march\u00e9<\/li>\n<li>Des webinars r\u00e9guliers pour se former et \u00e9changer des bonnes pratiques<\/li>\n<\/ul>\n\n\t\t\t\t\t\t\t<\/div>\n\t\t\t\t\t\t\t\t\t\t\t\t\t\t\t\t\t\t\t\t<div class=\"contenu swiper-slide\">\n\t\t\t\t\t\t\t\t<strong class=\"title\">L&#8217;optimisation administrative<\/strong>\n\t\t\t\t\t\t\t\t<p>Nous \u00e9changeons r\u00e9guli\u00e8rement sur vos flux comptables pour \u00eatre le plus juste dans nos analyses et dans votre suivi quotidien.<\/p>\n<p>Nous vous aidons en gestion comptable de votre entreprise ainsi que pour le suivi de votre tr\u00e9sorerie qui est un enjeu cl\u00e9 pour votre r\u00e9ussite.<\/p>\n<p>Nous r\u00e9alisons le contr\u00f4le de vos bilans pour vous permettre d\u2019optimiser au mieux votre activit\u00e9 et assurer votre rentabilit\u00e9.<\/p>\n\n\t\t\t\t\t\t\t<\/div>\n\t\t\t\t\t\t\t\t\t\t\t<\/div>\n\t\t\t\t<\/div>\n\t\t\t\n\t\t\t\n\n\t<\/div>\n<\/section>\n\n\n<hr class=\"wp-block-separator has-alpha-channel-opacity\"\/>\n\n\n<section class=\"acf cta align wp-block-acf-cta\" id=\"block_52c4e6785ad389fbe5838e2f7d00595f\">\n\t<div class=\"bloc\">\n\t\t<div class=\"container\">\n\t\t\t\t\t\t\t<div class=\"thumb\">\n\t\t\t\t\t<picture>\n\t\t\t\t\t\t\t<source type=\"image\/webp\" srcset=\"https:\/\/franchise.raisonhome.com\/app\/uploads\/2024\/09\/developper-entreprise-rh.webp, https:\/\/franchise.raisonhome.com\/app\/uploads\/2024\/09\/developper-entreprise-rh@2x.webp 2x\">\n\t\t\t\t\t\t\t<source type=\"image\/jpeg\" srcset=\"https:\/\/franchise.raisonhome.com\/app\/uploads\/2024\/09\/developper-entreprise-rh.jpg, https:\/\/franchise.raisonhome.com\/app\/uploads\/2024\/09\/developper-entreprise-rh@2x.jpg 2x\">\n\t\t\t\t\t\t\t<img loading=\"lazy\" decoding=\"async\" src=\"https:\/\/franchise.raisonhome.com\/app\/uploads\/2024\/09\/developper-entreprise-rh.jpg\" width=\"390\" height=\"260\" alt=\"D\u00e9velopper votre entreprise avec Raison Home\" \/>\n\t\t\t\t\t<\/picture>\n\t\t\t\t<\/div>\n\t\t\t\t\t\t<div class=\"ct\">\n\t\t\t\t<h3>Prenez la bonne d\u00e9cision, d\u00e8s maintenant !<\/h3>\n\t\t\t\t<p>Chez Raison Home, la r\u00e9ussite entrepreneuriale de nos franchis\u00e9s est notre priorit\u00e9, <\/br>car leur succ\u00e8s est aussi le n\u00f4tre.<\/p>\n\t\t\t\t\t\t\t\t\t<a href=\"https:\/\/franchise.raisonhome.com\/fr-be\/contactez-nous\/\" class=\"btn\">Discutons de votre projet<\/a>\n\t\t\t\t\t\t\t<\/div>\n\t\t<\/div>\n\t<\/div>\n<\/section>\n\n\n\n<hr class=\"wp-block-separator has-alpha-channel-opacity\"\/>\n","protected":false},"excerpt":{"rendered":"<p>La rentabilit\u00e9 est \u00e0 votre port\u00e9e Assurez la croissance durable de votre entreprise\u00a0en renfor\u00e7ant votre pr\u00e9sence locale pour attirer un flux r\u00e9gulier de prospects. D\u00e9velopper son entreprise commence par une notori\u00e9t\u00e9 accrue dans votre r\u00e9gion et g\u00e9n\u00e8re naturellement de nouvelles opportunit\u00e9s. Fid\u00e9liser vos clients est tout aussi essentiel : des clients satisfaits deviennent vos meilleurs [&hellip;]<\/p>\n","protected":false},"author":1,"featured_media":10808,"parent":0,"menu_order":0,"comment_status":"closed","ping_status":"closed","template":"","meta":{"_acf_changed":false,"footnotes":""},"class_list":["post-9330","page","type-page","status-publish","has-post-thumbnail","hentry"],"acf":[],"_links":{"self":[{"href":"https:\/\/franchise.raisonhome.com\/fr-be\/wp-json\/wp\/v2\/pages\/9330","targetHints":{"allow":["GET"]}}],"collection":[{"href":"https:\/\/franchise.raisonhome.com\/fr-be\/wp-json\/wp\/v2\/pages"}],"about":[{"href":"https:\/\/franchise.raisonhome.com\/fr-be\/wp-json\/wp\/v2\/types\/page"}],"author":[{"embeddable":true,"href":"https:\/\/franchise.raisonhome.com\/fr-be\/wp-json\/wp\/v2\/users\/1"}],"replies":[{"embeddable":true,"href":"https:\/\/franchise.raisonhome.com\/fr-be\/wp-json\/wp\/v2\/comments?post=9330"}],"version-history":[{"count":16,"href":"https:\/\/franchise.raisonhome.com\/fr-be\/wp-json\/wp\/v2\/pages\/9330\/revisions"}],"predecessor-version":[{"id":13859,"href":"https:\/\/franchise.raisonhome.com\/fr-be\/wp-json\/wp\/v2\/pages\/9330\/revisions\/13859"}],"wp:featuredmedia":[{"embeddable":true,"href":"https:\/\/franchise.raisonhome.com\/fr-be\/wp-json\/wp\/v2\/media\/10808"}],"wp:attachment":[{"href":"https:\/\/franchise.raisonhome.com\/fr-be\/wp-json\/wp\/v2\/media?parent=9330"}],"curies":[{"name":"wp","href":"https:\/\/api.w.org\/{rel}","templated":true}]}}