{"id":9324,"date":"2024-03-13T14:50:07","date_gmt":"2024-03-13T13:50:07","guid":{"rendered":"https:\/\/franchise.raisonhome.com?page_id=9324"},"modified":"2025-05-27T16:02:37","modified_gmt":"2025-05-27T14:02:37","slug":"creer-son-entreprise","status":"publish","type":"page","link":"https:\/\/franchise.raisonhome.com\/fr-be\/creer-son-entreprise\/","title":{"rendered":"Cr\u00e9er son entreprise"},"content":{"rendered":"<section class=\"acf entete-de-page-2 align wp-block-acf-entete-de-page-2\" id=\"block_d0405d0c1ac47c90b958323f213a5e6a\">\n\t<div class=\"container\">\n\t\t<div class=\"logo\"><\/div>\n\t\t<h1>Cr\u00e9er son <mark>entreprise<\/mark><\/h1>\n\t\t<p>Notre parcours en 6 \u00e9tapes vous aide \u00e0 valider le concept Raison Home, \u00e0 faire le bon choix et \u00e0 nous conna\u00eetre mutuellement pour assurer une r\u00e9ussite partag\u00e9e.<\/p>\n\t<\/div>\n<\/section>\n\n\n<hr class=\"wp-block-separator has-alpha-channel-opacity\"\/>\n\n\n<section class=\"acf etapes align wp-block-acf-etapes\" id=\"block_c64667b3921549c88eaabd8d4fadaddc\">\n\t<div class=\"container\">\n\t\t\t\t\t\t\t\t\t\t<div class=\"bloc\">\n\t\t\t\t\t\t\t\t\t<picture>\n\t\t\t\t\t\t\t<source type=\"image\/webp\" srcset=\"https:\/\/franchise.raisonhome.com\/app\/uploads\/2024\/09\/parcours-premier-contact.webp, https:\/\/franchise.raisonhome.com\/app\/uploads\/2024\/09\/parcours-premier-contact@2x.webp 2x\">\n\t\t\t\t\t\t\t<source type=\"image\/jpeg\" srcset=\"https:\/\/franchise.raisonhome.com\/app\/uploads\/2024\/09\/parcours-premier-contact.jpg, https:\/\/franchise.raisonhome.com\/app\/uploads\/2024\/09\/parcours-premier-contact@2x.jpg 2x\">\n\t\t\t\t\t\t\t<img loading=\"lazy\" decoding=\"async\" src=\"https:\/\/franchise.raisonhome.com\/app\/uploads\/2024\/09\/parcours-premier-contact.jpg\" width=\"390\" height=\"260\" alt=\"Premi\u00e8re prise de contact avec Raison Home\" \/>\n\t\t\t\t\t<\/picture>\n\t\t\t\t\t\t\t\t<div class=\"content\">\n\t\t\t\t\t01 <strong>Premi\u00e8re prise de contact<\/strong>\n\t\t\t\t<\/div>\n\t\t\t<\/div>\n\t\t\t\t\t\t\t\t<div class=\"bloc\">\n\t\t\t\t\t\t\t\t\t<picture>\n\t\t\t\t\t\t\t<source type=\"image\/webp\" srcset=\"https:\/\/franchise.raisonhome.com\/app\/uploads\/2024\/09\/parcours-visio-decouverte2.webp, https:\/\/franchise.raisonhome.com\/app\/uploads\/2024\/09\/parcours-visio-decouverte2@2x.webp 2x\">\n\t\t\t\t\t\t\t<source type=\"image\/jpeg\" srcset=\"https:\/\/franchise.raisonhome.com\/app\/uploads\/2024\/09\/parcours-visio-decouverte2.jpg, https:\/\/franchise.raisonhome.com\/app\/uploads\/2024\/09\/parcours-visio-decouverte2@2x.jpg 2x\">\n\t\t\t\t\t\t\t<img loading=\"lazy\" decoding=\"async\" src=\"https:\/\/franchise.raisonhome.com\/app\/uploads\/2024\/09\/parcours-visio-decouverte2.jpg\" width=\"390\" height=\"260\" alt=\"Parcours candidat, la visio Decouverte\" \/>\n\t\t\t\t\t<\/picture>\n\t\t\t\t\t\t\t\t<div class=\"content\">\n\t\t\t\t\t02 <strong>Visio D\u00e9couverte<\/strong>\n\t\t\t\t<\/div>\n\t\t\t<\/div>\n\t\t\t\t\t\t\t\t<div class=\"bloc\">\n\t\t\t\t\t\t\t\t\t<picture>\n\t\t\t\t\t\t\t<source type=\"image\/webp\" srcset=\"https:\/\/franchise.raisonhome.com\/app\/uploads\/2024\/09\/parcours-rencontre-siege.webp, https:\/\/franchise.raisonhome.com\/app\/uploads\/2024\/09\/parcours-rencontre-siege@2x.webp 2x\">\n\t\t\t\t\t\t\t<source type=\"image\/jpeg\" srcset=\"https:\/\/franchise.raisonhome.com\/app\/uploads\/2024\/09\/parcours-rencontre-siege.jpg, https:\/\/franchise.raisonhome.com\/app\/uploads\/2024\/09\/parcours-rencontre-siege@2x.jpg 2x\">\n\t\t\t\t\t\t\t<img loading=\"lazy\" decoding=\"async\" src=\"https:\/\/franchise.raisonhome.com\/app\/uploads\/2024\/09\/parcours-rencontre-siege.jpg\" width=\"390\" height=\"260\" alt=\"Journ\u00e9e rencontre au si\u00e8ge de Raison Home\" \/>\n\t\t\t\t\t<\/picture>\n\t\t\t\t\t\t\t\t<div class=\"content\">\n\t\t\t\t\t03 <strong>Journ\u00e9e Rencontre au si\u00e8ge<\/strong>\n\t\t\t\t<\/div>\n\t\t\t<\/div>\n\t\t\t\t\t\t\t\t<div class=\"bloc\">\n\t\t\t\t\t\t\t\t\t<picture>\n\t\t\t\t\t\t\t<source type=\"image\/webp\" srcset=\"https:\/\/franchise.raisonhome.com\/app\/uploads\/2024\/09\/parcours-validation-candidature.webp, https:\/\/franchise.raisonhome.com\/app\/uploads\/2024\/09\/parcours-validation-candidature@2x.webp 2x\">\n\t\t\t\t\t\t\t<source type=\"image\/jpeg\" srcset=\"https:\/\/franchise.raisonhome.com\/app\/uploads\/2024\/09\/parcours-validation-candidature.jpg, https:\/\/franchise.raisonhome.com\/app\/uploads\/2024\/09\/parcours-validation-candidature@2x.jpg 2x\">\n\t\t\t\t\t\t\t<img loading=\"lazy\" decoding=\"async\" src=\"https:\/\/franchise.raisonhome.com\/app\/uploads\/2024\/09\/parcours-validation-candidature.jpg\" width=\"390\" height=\"260\" alt=\"Validation de la candidature\" \/>\n\t\t\t\t\t<\/picture>\n\t\t\t\t\t\t\t\t<div class=\"content\">\n\t\t\t\t\t04 <strong>Qualification de votre candidature<\/strong>\n\t\t\t\t<\/div>\n\t\t\t<\/div>\n\t\t\t\t\t\t\t\t<div class=\"bloc\">\n\t\t\t\t\t\t\t\t\t<picture>\n\t\t\t\t\t\t\t<source type=\"image\/webp\" srcset=\"https:\/\/franchise.raisonhome.com\/app\/uploads\/2024\/09\/parcours-commission-validation.webp, https:\/\/franchise.raisonhome.com\/app\/uploads\/2024\/09\/parcours-commission-validation@2x.webp 2x\">\n\t\t\t\t\t\t\t<source type=\"image\/jpeg\" srcset=\"https:\/\/franchise.raisonhome.com\/app\/uploads\/2024\/09\/parcours-commission-validation.jpg, https:\/\/franchise.raisonhome.com\/app\/uploads\/2024\/09\/parcours-commission-validation@2x.jpg 2x\">\n\t\t\t\t\t\t\t<img loading=\"lazy\" decoding=\"async\" src=\"https:\/\/franchise.raisonhome.com\/app\/uploads\/2024\/09\/parcours-commission-validation.jpg\" width=\"390\" height=\"260\" alt=\"Commission de validation Raison Home\" \/>\n\t\t\t\t\t<\/picture>\n\t\t\t\t\t\t\t\t<div class=\"content\">\n\t\t\t\t\t05 <strong>DIP et contrat de franchise<\/strong>\n\t\t\t\t<\/div>\n\t\t\t<\/div>\n\t\t\t\t\t\t\t\t<div class=\"bloc\">\n\t\t\t\t\t\t\t\t\t<picture>\n\t\t\t\t\t\t\t<source type=\"image\/webp\" srcset=\"https:\/\/franchise.raisonhome.com\/app\/uploads\/2024\/09\/parcours-signature-contrat.webp, https:\/\/franchise.raisonhome.com\/app\/uploads\/2024\/09\/parcours-signature-contrat@2x.webp 2x\">\n\t\t\t\t\t\t\t<source type=\"image\/jpeg\" srcset=\"https:\/\/franchise.raisonhome.com\/app\/uploads\/2024\/09\/parcours-signature-contrat.jpg, https:\/\/franchise.raisonhome.com\/app\/uploads\/2024\/09\/parcours-signature-contrat@2x.jpg 2x\">\n\t\t\t\t\t\t\t<img loading=\"lazy\" decoding=\"async\" src=\"https:\/\/franchise.raisonhome.com\/app\/uploads\/2024\/09\/parcours-signature-contrat.jpg\" width=\"390\" height=\"260\" alt=\"Signature du contrat chez Raison Home\" \/>\n\t\t\t\t\t<\/picture>\n\t\t\t\t\t\t\t\t<div class=\"content\">\n\t\t\t\t\t06 <strong>Signature du contrat<\/strong>\n\t\t\t\t<\/div>\n\t\t\t<\/div>\n\t\t\t<\/div>\n<\/section>\n\n\n<hr class=\"wp-block-separator has-alpha-channel-opacity\"\/>\n\n\n<section class=\"acf cta align wp-block-acf-cta\" id=\"block_84cc8afaea76e89c4d2a93b3bd208abb\">\n\t<div class=\"bloc\">\n\t\t<div class=\"container\">\n\t\t\t\t\t\t\t<div class=\"thumb\">\n\t\t\t\t\t<picture>\n\t\t\t\t\t\t\t<source type=\"image\/webp\" srcset=\"https:\/\/franchise.raisonhome.com\/app\/uploads\/2024\/09\/cta-parcours.webp, https:\/\/franchise.raisonhome.com\/app\/uploads\/2024\/09\/cta-parcours@2x.webp 2x\">\n\t\t\t\t\t\t\t<source type=\"image\/jpeg\" srcset=\"https:\/\/franchise.raisonhome.com\/app\/uploads\/2024\/09\/cta-parcours.jpg, https:\/\/franchise.raisonhome.com\/app\/uploads\/2024\/09\/cta-parcours@2x.jpg 2x\">\n\t\t\t\t\t\t\t<img loading=\"lazy\" decoding=\"async\" src=\"https:\/\/franchise.raisonhome.com\/app\/uploads\/2024\/09\/cta-parcours.jpg\" width=\"390\" height=\"260\" alt=\"Cr\u00e9er votre entreprise avec Raison Home\" \/>\n\t\t\t\t\t<\/picture>\n\t\t\t\t<\/div>\n\t\t\t\t\t\t<div class=\"ct\">\n\t\t\t\t<h3>Tout ce que vous devez savoir avant de cr\u00e9er son entreprise !<\/h3>\n\t\t\t\t<p>Faites avancer votre r\u00e9flexion et retrouvez les \u00e9l\u00e9ments essentiels \u00e0 conna\u00eetre sur notre franchise dans notre brochure de pr\u00e9sentation.<\/p>\n\t\t\t\t\t\t\t\t\t<a href=\"https:\/\/franchise.raisonhome.com\/fr-be\/contactez-nous\/\" class=\"btn\">Contactez-nous<\/a>\n\t\t\t\t\t\t\t<\/div>\n\t\t<\/div>\n\t<\/div>\n<\/section>\n\n\n\n<hr class=\"wp-block-separator has-alpha-channel-opacity\"\/>\n","protected":false},"excerpt":{"rendered":"","protected":false},"author":1,"featured_media":10769,"parent":0,"menu_order":0,"comment_status":"closed","ping_status":"closed","template":"","meta":{"_acf_changed":false,"footnotes":""},"class_list":["post-9324","page","type-page","status-publish","has-post-thumbnail","hentry"],"acf":[],"_links":{"self":[{"href":"https:\/\/franchise.raisonhome.com\/fr-be\/wp-json\/wp\/v2\/pages\/9324","targetHints":{"allow":["GET"]}}],"collection":[{"href":"https:\/\/franchise.raisonhome.com\/fr-be\/wp-json\/wp\/v2\/pages"}],"about":[{"href":"https:\/\/franchise.raisonhome.com\/fr-be\/wp-json\/wp\/v2\/types\/page"}],"author":[{"embeddable":true,"href":"https:\/\/franchise.raisonhome.com\/fr-be\/wp-json\/wp\/v2\/users\/1"}],"replies":[{"embeddable":true,"href":"https:\/\/franchise.raisonhome.com\/fr-be\/wp-json\/wp\/v2\/comments?post=9324"}],"version-history":[{"count":15,"href":"https:\/\/franchise.raisonhome.com\/fr-be\/wp-json\/wp\/v2\/pages\/9324\/revisions"}],"predecessor-version":[{"id":13855,"href":"https:\/\/franchise.raisonhome.com\/fr-be\/wp-json\/wp\/v2\/pages\/9324\/revisions\/13855"}],"wp:featuredmedia":[{"embeddable":true,"href":"https:\/\/franchise.raisonhome.com\/fr-be\/wp-json\/wp\/v2\/media\/10769"}],"wp:attachment":[{"href":"https:\/\/franchise.raisonhome.com\/fr-be\/wp-json\/wp\/v2\/media?parent=9324"}],"curies":[{"name":"wp","href":"https:\/\/api.w.org\/{rel}","templated":true}]}}