{"id":9303,"date":"2024-03-13T14:48:58","date_gmt":"2024-03-13T13:48:58","guid":{"rendered":"https:\/\/franchise.raisonhome.com?page_id=9303"},"modified":"2025-05-27T16:54:11","modified_gmt":"2025-05-27T14:54:11","slug":"investisseur-manager-en-franchise","status":"publish","type":"page","link":"https:\/\/franchise.raisonhome.com\/fr-be\/investisseur-manager-en-franchise\/","title":{"rendered":"Investisseur manager"},"content":{"rendered":"<section class=\"acf entete-de-page align wp-block-acf-entete-de-page\" id=\"block_3fff53c7d4e4bf4203f202efa7a0a05a\">\n\t<div class=\"container\">\n\t\t<div class=\"bloc\">\n\t\t\t\n\t\t\t\t\t\t\t\t\t<picture>\n\t\t\t\t\t\t<source type=\"image\/webp\" srcset=\"https:\/\/franchise.raisonhome.com\/app\/uploads\/2025\/03\/investisseur-manageur-raison-home-1024x480.webp, https:\/\/franchise.raisonhome.com\/app\/uploads\/2025\/03\/investisseur-manageur-raison-home-1024x480@2x.webp 2x\">\n\t\t\t\t\t\t<source type=\"image\/jpeg\" srcset=\"https:\/\/franchise.raisonhome.com\/app\/uploads\/2025\/03\/investisseur-manageur-raison-home-1024x480.jpg, https:\/\/franchise.raisonhome.com\/app\/uploads\/2025\/03\/investisseur-manageur-raison-home-1024x480@2x.jpg 2x\">\n\t\t\t\t\t\t<img loading=\"lazy\" decoding=\"async\" src=\"https:\/\/franchise.raisonhome.com\/app\/uploads\/2025\/03\/investisseur-manageur-raison-home-1024x480.jpg\" width=\"390\" height=\"260\" alt=\"\" \/>\n\t\t\t\t\t<\/picture>\n\t\t\t\t\t\t\t\t<div class=\"content \">\n\t\t\t\t\t<h1>Cr\u00e9ez et g\u00e9rez votre \u00e9quipe avec un mod\u00e8le rentable et cl\u00e9 en main<\/h1>\n\t\t\t\t\t<p>D\u00e9veloppons ensemble votre envie de manager une \u00e9quipe dans un m\u00e9tier qui vous passionne et devenez investisseur manager.<\/p>\n\t\t\t\t<\/div>\n\n\t\t\t\t\t<\/div>\n\t<\/div>\n<\/section>\n\n\n<hr class=\"wp-block-separator has-alpha-channel-opacity\"\/>\n\n\n\n<div class=\"wp-block-columns are-vertically-aligned-center is-layout-flex wp-container-core-columns-is-layout-28f84493 wp-block-columns-is-layout-flex\">\n<div class=\"wp-block-column is-vertically-aligned-center is-layout-flow wp-block-column-is-layout-flow\">\n<figure class=\"wp-block-image size-full is-style-rounded\"><img loading=\"lazy\" decoding=\"async\" width=\"525\" height=\"525\" src=\"https:\/\/franchise.raisonhome.com\/app\/uploads\/2024\/09\/manager-objectifs.jpg\" alt=\"Les objectifs du manager Raison Home\" class=\"wp-image-10601\" srcset=\"https:\/\/franchise.raisonhome.com\/app\/uploads\/2024\/09\/manager-objectifs.jpg 525w, https:\/\/franchise.raisonhome.com\/app\/uploads\/2024\/09\/manager-objectifs-300x300.jpg 300w, https:\/\/franchise.raisonhome.com\/app\/uploads\/2024\/09\/manager-objectifs-150x150.jpg 150w\" sizes=\"auto, (max-width: 525px) 100vw, 525px\" \/><\/figure>\n<\/div>\n\n\n\n<div class=\"wp-block-column is-vertically-aligned-center is-layout-flow wp-block-column-is-layout-flow\">\n<h2 class=\"wp-block-heading\">Cr\u00e9ez un patrimoine gr\u00e2ce \u00e0 <mark style=\"background-color:rgba(0, 0, 0, 0)\" class=\"has-inline-color has-1-color\">votre exp\u00e9rience<\/mark><\/h2>\n\n\n\n<p>Valorisez <strong>votre exp\u00e9rience en gestion et en commerce<\/strong> pour d\u00e9velopper une entreprise rentable avec Raison Home. Gr\u00e2ce \u00e0 <strong>un investissement r\u00e9duit<\/strong> et un <strong>secteur en forte croissance<\/strong>, vous cr\u00e9ez rapidement <strong>un patrimoine p\u00e9renne<\/strong>, que vous pourrez faire fructifier ou transmettre.<\/p>\n<\/div>\n<\/div>\n\n\n\n<hr class=\"wp-block-separator has-alpha-channel-opacity\"\/>\n\n\n\n<div class=\"wp-block-columns are-vertically-aligned-center is-layout-flex wp-container-core-columns-is-layout-28f84493 wp-block-columns-is-layout-flex\">\n<div class=\"wp-block-column is-vertically-aligned-center is-layout-flow wp-block-column-is-layout-flow\">\n<h2 class=\"wp-block-heading\"><mark style=\"background-color:rgba(0, 0, 0, 0)\" class=\"has-inline-color has-1-color\">Investissez<\/mark> avec Raison Home<\/h2>\n\n\n\n<p>Lancez votre entreprise en franchise avec Raison Home en tant qu&#8217;investisseur manager et constituez une \u00e9quipe de concepteurs-agenceurs exp\u00e9riment\u00e9s (minimum 2).<\/p>\n\n\n\n<p><strong>L&#8217;avantage ?<\/strong> Vos Home Designers se d\u00e9placent directement chez les clients, supprimant ainsi les frais li\u00e9s au showroom et optimisant votre rentabilit\u00e9..<\/p>\n\n\n\n<div style=\"height:10px\" aria-hidden=\"true\" class=\"wp-block-spacer\"><\/div>\n\n\n\n<p>Que vous soyez vous-m\u00eame Home Designer ou que vous pr\u00e9f\u00e9riez vous concentrer sur la gestion de votre entreprise et de votre \u00e9quipe, Raison Home s&#8217;adapte \u00e0 vos ambitions. Si vous optez pour le statut d&#8217;investisseur manager, vous pourrez exercer cette activit\u00e9 \u00e0 temps partiel et conserver d&#8217;autres engagements professionnels.<\/p>\n<\/div>\n\n\n\n<div class=\"wp-block-column is-vertically-aligned-center is-layout-flow wp-block-column-is-layout-flow\">\n<figure class=\"wp-block-image alignright size-full is-style-rounded\"><img loading=\"lazy\" decoding=\"async\" width=\"525\" height=\"525\" src=\"https:\/\/franchise.raisonhome.com\/app\/uploads\/2024\/09\/manager-proposition.jpg\" alt=\"La proposition pour un investisseur Raison Home\" class=\"wp-image-10606\" srcset=\"https:\/\/franchise.raisonhome.com\/app\/uploads\/2024\/09\/manager-proposition.jpg 525w, https:\/\/franchise.raisonhome.com\/app\/uploads\/2024\/09\/manager-proposition-300x300.jpg 300w, https:\/\/franchise.raisonhome.com\/app\/uploads\/2024\/09\/manager-proposition-150x150.jpg 150w\" sizes=\"auto, (max-width: 525px) 100vw, 525px\" \/><\/figure>\n<\/div>\n<\/div>\n\n\n\n<hr class=\"wp-block-separator has-alpha-channel-opacity\"\/>\n\n\n\n<div class=\"wp-block-columns are-vertically-aligned-center is-layout-flex wp-container-core-columns-is-layout-28f84493 wp-block-columns-is-layout-flex\">\n<div class=\"wp-block-column is-vertically-aligned-center is-layout-flow wp-block-column-is-layout-flow\">\n<figure class=\"wp-block-image size-full is-style-rounded\"><img loading=\"lazy\" decoding=\"async\" width=\"525\" height=\"525\" src=\"https:\/\/franchise.raisonhome.com\/app\/uploads\/2024\/09\/manager-avantages.jpg\" alt=\"Les avantages d'investir chez Raison Home\" class=\"wp-image-10610\" srcset=\"https:\/\/franchise.raisonhome.com\/app\/uploads\/2024\/09\/manager-avantages.jpg 525w, https:\/\/franchise.raisonhome.com\/app\/uploads\/2024\/09\/manager-avantages-300x300.jpg 300w, https:\/\/franchise.raisonhome.com\/app\/uploads\/2024\/09\/manager-avantages-150x150.jpg 150w\" sizes=\"auto, (max-width: 525px) 100vw, 525px\" \/><\/figure>\n<\/div>\n\n\n\n<div class=\"wp-block-column is-vertically-aligned-center is-layout-flow wp-block-column-is-layout-flow\">\n<h2 class=\"wp-block-heading\">D\u00e9veloppez un <mark style=\"background-color:rgba(0, 0, 0, 0)\" class=\"has-inline-color has-1-color\">business rentable et structur\u00e9<\/mark> avec Raison Home<\/h2>\n\n\n\n<p>Chez Raison Home, nous vous offrons une <strong>opportunit\u00e9 cl\u00e9 en main<\/strong> pour b\u00e2tir un business rentable dans l\u2019am\u00e9nagement int\u00e9rieur. <br><br>Gr\u00e2ce \u00e0 un concept sans showroom et \u00e0 un accompagnement structur\u00e9, vous r\u00e9duisez les co\u00fbts et optimisez votre retour sur investissement d\u00e8s les premiers mois.<br><br>En tant qu\u2019investisseur manager, vous constituez et d\u00e9veloppez une \u00e9quipe de Home Designer. Vous vous concentrez sur la gestion et la performance commerciale, tandis que la franchise vous apporte un <strong>soutien strat\u00e9gique et op\u00e9rationnel<\/strong>.<br><br>Le secteur du Home Design est <strong>en pleine expansion<\/strong>. Avec Raison Home, vous b\u00e9n\u00e9ficiez d\u2019un positionnement et d\u2019une approche unique qui r\u00e9pond aux attentes actuelles des consommateurs.<\/p>\n<\/div>\n<\/div>\n\n\n\n<hr class=\"wp-block-separator has-alpha-channel-opacity\"\/>\n\n\n\n<div class=\"wp-block-columns is-style-sticky is-layout-flex wp-container-core-columns-is-layout-28f84493 wp-block-columns-is-layout-flex\">\n<div class=\"wp-block-column is-layout-flow wp-block-column-is-layout-flow\">\n<h2 class=\"wp-block-heading\">Les<mark style=\"background-color:rgba(0, 0, 0, 0)\" class=\"has-inline-color has-1-color\"> 4 avantages <\/mark><br>de rejoindre le r\u00e9seau<\/h2>\n\n\n\n<p>Notre r\u00e9seau de franchise offre un cadre s\u00e9curisant, adapt\u00e9 aux diff\u00e9rentes envies entrepreneuriales et fera grandir la r\u00e9ussite de votre entreprise.<\/p>\n<\/div>\n\n\n\n<div class=\"wp-block-column is-layout-flow wp-block-column-is-layout-flow\"><section class=\"acf slider-vertical align wp-block-acf-slider-vertical\" id=\"block_dfc66ba95c7f8c18e20b21d1ed2b6b35\">\n\t<div class=\"container\">\n\t\t<div class=\"slides 1\">\n\t\t\t\t\t\t\t\t\t\t\t\t\t\t<div class=\"slide fleches-on\">\n\t\t\t\t\t\n\n\t\t\t\t\t\t\t\t\t\t\t\t\t\t\t\t\t<strong>\n\t\t\t\t\t\t\t\t\t\t\t\t\t\t\t<span>01<\/span>\n\t\t\t\t\t\t\t\t\t\t\t\t\t\t\t\t\tUn r\u00e9seau soud\u00e9.<\/br>Un soutien constant.\n\t\t\t\t\t\t\t\t\t\t\t\t\t\t\t\t\t\t\t\t\t<\/strong>\n\t\t\t\t\t\t\t\t\t\t<div class=\"ct\">Rejoindre Raison Home, c\u2019est int\u00e9grer une communaut\u00e9 de franchis\u00e9s engag\u00e9s et b\u00e9n\u00e9ficier d\u2019un accompagnement complet.\r\n\r\nFormations, conseils quotidiens et outils performants : tout est mis en place pour vous aider \u00e0 r\u00e9ussir sereinement.<\/div>\n\t\t\t\t\t\t\t\t\t<\/div>\n\t\t\t\t\t\t\t\t\t\t\t<div class=\"slide fleches-on\">\n\t\t\t\t\t\n\n\t\t\t\t\t\t\t\t\t\t\t\t\t\t\t\t\t<strong>\n\t\t\t\t\t\t\t\t\t\t\t\t\t\t\t<span>02<\/span>\n\t\t\t\t\t\t\t\t\t\t\t\t\t\t\t\t\tUn m\u00e9tier passionnant<\/br>qui vous ressemble.\n\t\t\t\t\t\t\t\t\t\t\t\t\t\t\t\t\t\t\t\t\t<\/strong>\n\t\t\t\t\t\t\t\t\t\t<div class=\"ct\">En tant que Home Designer Raison Home, vous co-concevez des projets uniques avec vos clients, directement chez eux. Un m\u00e9tier passionnant qui allie cr\u00e9ativit\u00e9, proximit\u00e9 et satisfaction client.<\/div>\n\t\t\t\t\t\t\t\t\t<\/div>\n\t\t\t\t\t\t\t\t\t\t\t<div class=\"slide fleches-on\">\n\t\t\t\t\t\n\n\t\t\t\t\t\t\t\t\t\t\t\t\t\t\t\t\t<strong>\n\t\t\t\t\t\t\t\t\t\t\t\t\t\t\t<span>03<\/span>\n\t\t\t\t\t\t\t\t\t\t\t\t\t\t\t\t\tEntreprendre sans stress,<\/br>dans un cadre s\u00e9curis\u00e9.\n\t\t\t\t\t\t\t\t\t\t\t\t\t\t\t\t\t\t\t\t\t<\/strong>\n\t\t\t\t\t\t\t\t\t\t<div class=\"ct\">Gr\u00e2ce \u00e0 notre mod\u00e8le \u00e9prouv\u00e9, vous b\u00e9n\u00e9ficiez d\u2019une structure fiable, de fournisseurs de qualit\u00e9 et d\u2019un soutien administratif. Un environnement rassurant pour entreprendre avec confiance.<\/div>\n\t\t\t\t\t\t\t\t\t<\/div>\n\t\t\t\t\t\t\t\t\t\t\t<div class=\"slide fleches-on\">\n\t\t\t\t\t\n\n\t\t\t\t\t\t\t\t\t\t\t\t\t\t\t\t\t<strong>\n\t\t\t\t\t\t\t\t\t\t\t\t\t\t\t<span>04<\/span>\n\t\t\t\t\t\t\t\t\t\t\t\t\t\t\t\t\tVotre entreprise.<\/br>Votre rythme.\n\t\t\t\t\t\t\t\t\t\t\t\t\t\t\t\t\t\t\t\t\t<\/strong>\n\t\t\t\t\t\t\t\t\t\t<div class=\"ct\">Sans magasin et sans contrainte d\u2019horaires fixes, vous organisez votre activit\u00e9 selon vos envies. Profitez d\u2019une totale libert\u00e9 pour allier \u00e9panouissement professionnel et \u00e9quilibre de vie.<\/div>\n\t\t\t\t\t\t\t\t\t<\/div>\n\t\t\t\t\t<\/div>\n\t<\/div>\n<\/section><\/div>\n<\/div>\n\n\n\n<hr class=\"wp-block-separator has-alpha-channel-opacity\"\/>\n\n\n<section class=\"acf cartes-informatives align wp-block-acf-cartes-informatives\" id=\"block_cb8a48d1dd4e56625f1b83ac3595f2ba\">\n\t<div class=\"container\">\n\t\t\t\t\t<div class=\"intro\">\n\t\t\t\t<h2 class=\"titre\">\n\t\t\t\t\t<p style=\"text-align: center;\">Quelles sont les <span style=\"color: #c49b27;\">conditions d\u2019acc\u00e8s ?<\/span><\/p>\n\n\t\t\t\t<\/h2>\n\t\t\t<\/div>\n\t\t\n\t\t<div class=\"grid\">\n\t\t\t\t\t\t\t<div class=\"item card-informative\">\n\t\t\t\t\t<picture class=\"image\">\n\t\t\t\t\t\t\t\t\t\t\t\t\t<source type=\"image\/webp\" srcset=\"https:\/\/franchise.raisonhome.com\/app\/uploads\/2025\/03\/faible-investissement-raisonhome.webp, https:\/\/franchise.raisonhome.com\/app\/uploads\/2025\/03\/faible-investissement-raisonhome@2x.webp 2x\">\n\t\t\t\t\t\t\t<source type=\"image\/jpeg\" srcset=\"https:\/\/franchise.raisonhome.com\/app\/uploads\/2025\/03\/faible-investissement-raisonhome.jpg, https:\/\/franchise.raisonhome.com\/app\/uploads\/2025\/03\/faible-investissement-raisonhome@2x.jpg 2x\">\n\t\t\t\t\t\t\t<img loading=\"lazy\" decoding=\"async\" src=\"https:\/\/franchise.raisonhome.com\/app\/uploads\/2025\/03\/faible-investissement-raisonhome.jpg\" alt=\"Faible investissement de d\u00e9part avec Raison Home\" width=\"560\" height=\"760\">\n\t\t\t\t\t\t\t\t\t\t\t<\/picture>\n\n\t\t\t\t\t\t\t\t\t\t\t<div class=\"content\">\n\t\t\t\t\t\t\t\t\t\t\t\t\t\t\t<div class=\"titre\">\n\t\t\t\t\t\t\t\t\tUn faible investissement\n\t\t\t\t\t\t\t\t<\/div>\n\t\t\t\t\t\t\t\n\t\t\t\t\t\t\t\t\t\t\t\t\t\t\t<div class=\"contenu\">\n\t\t\t\t\t\t\t\t\t<p style=\"text-align: center;\">Vous lancez votre entreprise et int\u00e9grez Raison Home avec seulement 25 000\u20ac d\u2019apport de fonds propres.<\/p>\n\n\t\t\t\t\t\t\t\t<\/div>\n\t\t\t\t\t\t\t\t\t\t\t\t\t<\/div>\n\t\t\t\t\t\t\t\t\t<\/div>\n\t\t\t\t\t\t\t<div class=\"item card-informative\">\n\t\t\t\t\t<picture class=\"image\">\n\t\t\t\t\t\t\t\t\t\t\t\t\t<source type=\"image\/webp\" srcset=\"https:\/\/franchise.raisonhome.com\/app\/uploads\/2025\/03\/frais-limites-raisonhome.webp, https:\/\/franchise.raisonhome.com\/app\/uploads\/2025\/03\/frais-limites-raisonhome@2x.webp 2x\">\n\t\t\t\t\t\t\t<source type=\"image\/jpeg\" srcset=\"https:\/\/franchise.raisonhome.com\/app\/uploads\/2025\/03\/frais-limites-raisonhome.jpg, https:\/\/franchise.raisonhome.com\/app\/uploads\/2025\/03\/frais-limites-raisonhome@2x.jpg 2x\">\n\t\t\t\t\t\t\t<img loading=\"lazy\" decoding=\"async\" src=\"https:\/\/franchise.raisonhome.com\/app\/uploads\/2025\/03\/frais-limites-raisonhome.jpg\" alt=\"Des frais limit\u00e9s avec Raison Home\" width=\"560\" height=\"760\">\n\t\t\t\t\t\t\t\t\t\t\t<\/picture>\n\n\t\t\t\t\t\t\t\t\t\t\t<div class=\"content\">\n\t\t\t\t\t\t\t\t\t\t\t\t\t\t\t<div class=\"titre\">\n\t\t\t\t\t\t\t\t\tDes frais limit\u00e9s\n\t\t\t\t\t\t\t\t<\/div>\n\t\t\t\t\t\t\t\n\t\t\t\t\t\t\t\t\t\t\t\t\t\t\t<div class=\"contenu\">\n\t\t\t\t\t\t\t\t\t<p style=\"text-align: center;\">B\u00e9n\u00e9ficiez des services de la franchise pour seulement 4,25% de royalties et 4,25% pour la contribution au marketing central.<\/p>\n\n\t\t\t\t\t\t\t\t<\/div>\n\t\t\t\t\t\t\t\t\t\t\t\t\t<\/div>\n\t\t\t\t\t\t\t\t\t<\/div>\n\t\t\t\t\t\t\t<div class=\"item card-informative\">\n\t\t\t\t\t<picture class=\"image\">\n\t\t\t\t\t\t\t\t\t\t\t\t\t<source type=\"image\/webp\" srcset=\"https:\/\/franchise.raisonhome.com\/app\/uploads\/2025\/03\/partenariat-gagnant-gagnant-raisonhome.webp, https:\/\/franchise.raisonhome.com\/app\/uploads\/2025\/03\/partenariat-gagnant-gagnant-raisonhome@2x.webp 2x\">\n\t\t\t\t\t\t\t<source type=\"image\/jpeg\" srcset=\"https:\/\/franchise.raisonhome.com\/app\/uploads\/2025\/03\/partenariat-gagnant-gagnant-raisonhome.jpg, https:\/\/franchise.raisonhome.com\/app\/uploads\/2025\/03\/partenariat-gagnant-gagnant-raisonhome@2x.jpg 2x\">\n\t\t\t\t\t\t\t<img loading=\"lazy\" decoding=\"async\" src=\"https:\/\/franchise.raisonhome.com\/app\/uploads\/2025\/03\/partenariat-gagnant-gagnant-raisonhome.jpg\" alt=\"Un partenariat gagnant avec Raison Home\" width=\"560\" height=\"760\">\n\t\t\t\t\t\t\t\t\t\t\t<\/picture>\n\n\t\t\t\t\t\t\t\t\t\t\t<div class=\"content\">\n\t\t\t\t\t\t\t\t\t\t\t\t\t\t\t<div class=\"titre\">\n\t\t\t\t\t\t\t\t\tUn partenariat gagnant\n\t\t\t\t\t\t\t\t<\/div>\n\t\t\t\t\t\t\t\n\t\t\t\t\t\t\t\t\t\t\t\t\t\t\t<div class=\"contenu\">\n\t\t\t\t\t\t\t\t\t<p style=\"text-align: center;\">Nous nous engageons pour une dur\u00e9e minimale de 5 ann\u00e9es ensemble.<br \/>\n\u00c7a vous tente ?<\/p>\n\n\t\t\t\t\t\t\t\t<\/div>\n\t\t\t\t\t\t\t\t\t\t\t\t\t<\/div>\n\t\t\t\t\t\t\t\t\t<\/div>\n\t\t\t\t\t\t\t<div class=\"item card-informative\">\n\t\t\t\t\t<picture class=\"image\">\n\t\t\t\t\t\t\t\t\t\t\t\t\t<source type=\"image\/webp\" srcset=\"https:\/\/franchise.raisonhome.com\/app\/uploads\/2024\/09\/developper-entreprise-rh.webp, https:\/\/franchise.raisonhome.com\/app\/uploads\/2024\/09\/developper-entreprise-rh@2x.webp 2x\">\n\t\t\t\t\t\t\t<source type=\"image\/jpeg\" srcset=\"https:\/\/franchise.raisonhome.com\/app\/uploads\/2024\/09\/developper-entreprise-rh.jpg, https:\/\/franchise.raisonhome.com\/app\/uploads\/2024\/09\/developper-entreprise-rh@2x.jpg 2x\">\n\t\t\t\t\t\t\t<img loading=\"lazy\" decoding=\"async\" src=\"https:\/\/franchise.raisonhome.com\/app\/uploads\/2024\/09\/developper-entreprise-rh.jpg\" alt=\"D\u00e9velopper votre entreprise avec Raison Home\" width=\"560\" height=\"760\">\n\t\t\t\t\t\t\t\t\t\t\t<\/picture>\n\n\t\t\t\t\t\t\t\t\t\t\t<div class=\"content\">\n\t\t\t\t\t\t\t\t\t\t\t\t\t\t\t<div class=\"titre\">\n\t\t\t\t\t\t\t\t\tDes valeurs fortes\n\t\t\t\t\t\t\t\t<\/div>\n\t\t\t\t\t\t\t\n\t\t\t\t\t\t\t\t\t\t\t\t\t\t\t<div class=\"contenu\">\n\t\t\t\t\t\t\t\t\t<p style=\"text-align: center;\">Nos valeurs : famille, honn\u00eatet\u00e9, plaisir et collaboration vous parlent ? Nous sommes faits pour bien nous entrendre.<\/p>\n\n\t\t\t\t\t\t\t\t<\/div>\n\t\t\t\t\t\t\t\t\t\t\t\t\t<\/div>\n\t\t\t\t\t\t\t\t\t<\/div>\n\t\t\t\t\t<\/div>\n\t<\/div>\n<\/section>\n\n\n<hr class=\"wp-block-separator has-alpha-channel-opacity\"\/>\n\n\n\n<h2 class=\"wp-block-heading has-text-align-center\">Vous avez des <mark style=\"background-color:rgba(0, 0, 0, 0)\" class=\"has-inline-color has-1-color\">questions<\/mark> ? Nous avons les <mark style=\"background-color:rgba(0, 0, 0, 0)\" class=\"has-inline-color has-1-color\">r\u00e9ponses<\/mark> !<\/h2>\n\n\n<div id=\"rank-math-faq\" class=\"rank-math-block\">\n<div class=\"rank-math-list \">\n<div id=\"faq-question-67c846cfd2ec7\" class=\"rank-math-list-item\">\n<h3 class=\"rank-math-question \">Qui assure la formation de mes Home Designers ?<\/h3>\n<div class=\"rank-math-answer \">\n\n<p>Pour garantir le succ\u00e8s de votre franchise multi-vendeurs, Raison Home vous offre un <strong>accompagnement complet<\/strong>, d\u00e8s le d\u00e9marrage.<\/p>\n<p>\u2022 <strong>Une formation d\u00e9di\u00e9e pour vos \u00e9quipes<\/strong><br \/>Vos Home Designers b\u00e9n\u00e9ficient d\u2019une formation immersive d\u2019une semaine, consolidant leurs comp\u00e9tences terrain et leur permettant de <strong>ma\u00eetriser la m\u00e9thode de vente Raison Home<\/strong>.<\/p>\n<p>\u2022 <strong>Un animateur de r\u00e9seau \u00e0 vos c\u00f4t\u00e9s<\/strong><br \/>Vous \u00eates accompagn\u00e9 au quotidien par un <strong>animateur de r\u00e9seau d\u00e9di\u00e9<\/strong>, qui vous aide \u00e0 manager vos \u00e9quipes, optimiser votre performance et structurer votre activit\u00e9.<\/p>\n<p>Notre engagement : vous fournir toutes les cl\u00e9s pour exceller en tant que franchis\u00e9 multi-vendeurs.<\/p>\n\n<\/div>\n<\/div>\n<div id=\"faq-question-67c846cfd2ecb\" class=\"rank-math-list-item\">\n<h3 class=\"rank-math-question \">Comment optimiser la r\u00e9partition g\u00e9ographique de mes Home Designers ?<\/h3>\n<div class=\"rank-math-answer \">\n\n<p>Avec Raison Home, vous b\u00e9n\u00e9ficiez d\u2019une <strong>analyse pr\u00e9cise du potentiel de votre secteur g\u00e9ographique<\/strong>, vous aidant \u00e0 structurer efficacement votre activit\u00e9.<\/p>\n<p>\u2022 <strong>Une visibilit\u00e9 claire sur votre march\u00e9<\/strong><br \/>La franchise vous apporte des donn\u00e9es strat\u00e9giques pour <strong>identifier<\/strong> <strong>les meilleures zones<\/strong> de d\u00e9veloppement et maximiser votre pr\u00e9sence locale.<\/p>\n<p>\u2022 <strong>Un accompagnement sur-mesure<\/strong><br \/>Nous vous conseillons sur <strong>le positionnement, le marketing local et l\u2019optimisation de votre offre<\/strong> afin de vous d\u00e9marquer dans un environnement concurrentiel.<\/p>\n<p>Avec notre expertise, vous optimisez la r\u00e9partition de vos concepteurs-agenceurs et assurez la croissance de votre activit\u00e9.<\/p>\n\n<\/div>\n<\/div>\n<div id=\"faq-question-67c846cfd2ecc\" class=\"rank-math-list-item\">\n<h3 class=\"rank-math-question \">Est-ce que mon activit\u00e9 sera rentable rapidement ?<\/h3>\n<div class=\"rank-math-answer \">\n\n<p>Avec Raison Home, votre activit\u00e9 d&#8217;investisseur manager repose sur un mod\u00e8le \u00e9conomique all\u00e9g\u00e9, sans les co\u00fbts d\u2019un point de vente physique. <strong>Moins de charges, plus de rentabilit\u00e9<\/strong> : c\u2019est la cl\u00e9 d\u2019un retour sur investissement rapide.<\/p>\n<p><strong>Un mod\u00e8le con\u00e7u pour maximiser vos b\u00e9n\u00e9fices<\/strong> gr\u00e2ce \u00e0 l&#8217;absence de showroom, un accompagnement strat\u00e9gique pour une mont\u00e9e en puissance rapide et une m\u00e9thode de vente \u00e9prouv\u00e9e pour optimiser vos performances commerciales.<\/p>\n<p><strong>Un accompagnement sur-mesure pour acc\u00e9l\u00e9rer votre succ\u00e8s<\/strong> avec nos experts qui vous guident \u00e0 chaque \u00e9tape, de la strat\u00e9gie \u00e0 l\u2019optimisation op\u00e9rationnelle, pour assurer votre croissance et maximiser votre rentabilit\u00e9.<\/p>\n\n<\/div>\n<\/div>\n<\/div>\n<\/div>\n\n\n<hr class=\"wp-block-separator has-alpha-channel-opacity\"\/>\n","protected":false},"excerpt":{"rendered":"<p>Cr\u00e9ez un patrimoine gr\u00e2ce \u00e0 votre exp\u00e9rience Valorisez votre exp\u00e9rience en gestion et en commerce pour d\u00e9velopper une entreprise rentable avec Raison Home. Gr\u00e2ce \u00e0 un investissement r\u00e9duit et un secteur en forte croissance, vous cr\u00e9ez rapidement un patrimoine p\u00e9renne, que vous pourrez faire fructifier ou transmettre. Investissez avec Raison Home Lancez votre entreprise en [&hellip;]<\/p>\n","protected":false},"author":1,"featured_media":12867,"parent":0,"menu_order":0,"comment_status":"closed","ping_status":"closed","template":"","meta":{"_acf_changed":false,"footnotes":""},"class_list":["post-9303","page","type-page","status-publish","has-post-thumbnail","hentry"],"acf":[],"_links":{"self":[{"href":"https:\/\/franchise.raisonhome.com\/fr-be\/wp-json\/wp\/v2\/pages\/9303","targetHints":{"allow":["GET"]}}],"collection":[{"href":"https:\/\/franchise.raisonhome.com\/fr-be\/wp-json\/wp\/v2\/pages"}],"about":[{"href":"https:\/\/franchise.raisonhome.com\/fr-be\/wp-json\/wp\/v2\/types\/page"}],"author":[{"embeddable":true,"href":"https:\/\/franchise.raisonhome.com\/fr-be\/wp-json\/wp\/v2\/users\/1"}],"replies":[{"embeddable":true,"href":"https:\/\/franchise.raisonhome.com\/fr-be\/wp-json\/wp\/v2\/comments?post=9303"}],"version-history":[{"count":25,"href":"https:\/\/franchise.raisonhome.com\/fr-be\/wp-json\/wp\/v2\/pages\/9303\/revisions"}],"predecessor-version":[{"id":13877,"href":"https:\/\/franchise.raisonhome.com\/fr-be\/wp-json\/wp\/v2\/pages\/9303\/revisions\/13877"}],"wp:featuredmedia":[{"embeddable":true,"href":"https:\/\/franchise.raisonhome.com\/fr-be\/wp-json\/wp\/v2\/media\/12867"}],"wp:attachment":[{"href":"https:\/\/franchise.raisonhome.com\/fr-be\/wp-json\/wp\/v2\/media?parent=9303"}],"curies":[{"name":"wp","href":"https:\/\/api.w.org\/{rel}","templated":true}]}}