{"id":13768,"date":"2025-05-05T16:52:28","date_gmt":"2025-05-05T14:52:28","guid":{"rendered":"https:\/\/franchise.raisonhome.com\/?page_id=13768"},"modified":"2025-05-27T17:10:37","modified_gmt":"2025-05-27T15:10:37","slug":"concept-de-raison-home","status":"publish","type":"page","link":"https:\/\/franchise.raisonhome.com\/fr-be\/concept-de-raison-home\/","title":{"rendered":"Le concept"},"content":{"rendered":"<section class=\"acf entete-de-page align wp-block-acf-entete-de-page\" id=\"block_0ba8e373116d0e96201ba45fc0d1b5b1\">\n\t<div class=\"container\">\n\t\t<div class=\"bloc\">\n\t\t\t\n\t\t\t\t\t\t\t\t\t<picture>\n\t\t\t\t\t\t<source type=\"image\/webp\" srcset=\"https:\/\/franchise.raisonhome.com\/app\/uploads\/2024\/09\/domicile-benef-client-1024x480.webp, https:\/\/franchise.raisonhome.com\/app\/uploads\/2024\/09\/domicile-benef-client-1024x480@2x.webp 2x\">\n\t\t\t\t\t\t<source type=\"image\/jpeg\" srcset=\"https:\/\/franchise.raisonhome.com\/app\/uploads\/2024\/09\/domicile-benef-client-1024x480.jpg, https:\/\/franchise.raisonhome.com\/app\/uploads\/2024\/09\/domicile-benef-client-1024x480@2x.jpg 2x\">\n\t\t\t\t\t\t<img loading=\"lazy\" decoding=\"async\" src=\"https:\/\/franchise.raisonhome.com\/app\/uploads\/2024\/09\/domicile-benef-client-1024x480.jpg\" width=\"390\" height=\"260\" alt=\"L'am\u00e9nagement \u00e0 domicile, le b\u00e9n\u00e9fice client\" \/>\n\t\t\t\t\t<\/picture>\n\t\t\t\t\t\t\t\t<div class=\"content \">\n\t\t\t\t\t<h1>Chez vous, Avec vous<\/h1>\n\t\t\t\t\t<p>D\u00e9couvrez le concept de Raison Home : Leader europ\u00e9en de l&#8217;am\u00e9nagement d&#8217;int\u00e9rieur \u00e0 domicile, cuisines, dressing, rangements, salons, salles de bain.<\/p>\n\t\t\t\t<\/div>\n\n\t\t\t\t\t<\/div>\n\t<\/div>\n<\/section>\n\n\n<hr class=\"wp-block-separator has-alpha-channel-opacity\"\/>\n\n\n\n<h2 class=\"wp-block-heading has-text-align-center\">C&#8217;est \u00e0 votre domicile que se dessinent les meilleures solutions pour votre am\u00e9nagement d&#8217;int\u00e9rieur.<\/h2>\n\n\n\n<hr class=\"wp-block-separator has-alpha-channel-opacity\"\/>\n\n\n\n<div class=\"wp-block-columns are-vertically-aligned-center is-layout-flex wp-container-core-columns-is-layout-28f84493 wp-block-columns-is-layout-flex\">\n<div class=\"wp-block-column is-vertically-aligned-center is-layout-flow wp-block-column-is-layout-flow\">\n<figure class=\"wp-block-image size-full is-style-rounded\"><img loading=\"lazy\" decoding=\"async\" width=\"525\" height=\"525\" src=\"https:\/\/franchise.raisonhome.com\/app\/uploads\/2025\/05\/concept-rh-dev.jpg\" alt=\"Chez le client, concept Raison Home\" class=\"wp-image-13711\" srcset=\"https:\/\/franchise.raisonhome.com\/app\/uploads\/2025\/05\/concept-rh-dev.jpg 525w, https:\/\/franchise.raisonhome.com\/app\/uploads\/2025\/05\/concept-rh-dev-300x300.jpg 300w, https:\/\/franchise.raisonhome.com\/app\/uploads\/2025\/05\/concept-rh-dev-150x150.jpg 150w, https:\/\/franchise.raisonhome.com\/app\/uploads\/2025\/05\/concept-rh-dev-50x50.jpg 50w\" sizes=\"auto, (max-width: 525px) 100vw, 525px\" \/><\/figure>\n<\/div>\n\n\n\n<div class=\"wp-block-column is-vertically-aligned-center is-layout-flow wp-block-column-is-layout-flow\">\n<h2 class=\"wp-block-heading\"><mark style=\"background-color:rgba(0, 0, 0, 0)\" class=\"has-inline-color has-1-color\">Chez<\/mark> le client<\/h2>\n\n\n\n<p>Nous avons repens\u00e9 l&#8217;approche traditionnelle en pla\u00e7ant <strong>la rencontre chez le client au c\u0153ur de notre d\u00e9marche<\/strong>. Plus de showrooms impersonnels ou d&#8217;horaires contraignants ! Vous \u00eates l&#8217;expert qui franchit leur porte, <strong>s&#8217;impr\u00e8gne de leur atmosph\u00e8re<\/strong> et tisse <strong>une relation de confiance authentique<\/strong>.<\/p>\n\n\n\n<div style=\"height:10px\" aria-hidden=\"true\" class=\"wp-block-spacer\"><\/div>\n\n\n\n<p>C&#8217;est dans <strong>cet environnement unique<\/strong> que la magie op\u00e8re : vous avez sous les yeux les volumes, la lumi\u00e8re, les contraintes existantes, autant d&#8217;\u00e9l\u00e9ments pr\u00e9cieux pour <strong>co-concevoir un projet v\u00e9ritablement sur mesure<\/strong>, une cr\u00e9ation qui \u00e9pouse parfaitement leur style de vie et leurs aspirations. C&#8217;est l\u00e0, dans leur espace de vie, que <strong>les solutions les plus inspir\u00e9es prennent forme<\/strong>.<\/p>\n<\/div>\n<\/div>\n\n\n\n<hr class=\"wp-block-separator has-alpha-channel-opacity\"\/>\n\n\n\n<div class=\"wp-block-columns are-vertically-aligned-center is-layout-flex wp-container-core-columns-is-layout-28f84493 wp-block-columns-is-layout-flex\">\n<div class=\"wp-block-column is-vertically-aligned-center is-layout-flow wp-block-column-is-layout-flow\">\n<h2 class=\"wp-block-heading\"><mark style=\"background-color:rgba(0, 0, 0, 0)\" class=\"has-inline-color has-1-color\">Avec<\/mark> le client<\/h2>\n\n\n\n<p>Nous sommes convaincus que le client est <strong>le v\u00e9ritable acteur<\/strong> de son projet d&#8217;am\u00e9nagement int\u00e9rieur. Fort de cette conviction, notre approche repose sur la <strong>co-conception<\/strong>.<\/p>\n\n\n\n<div style=\"height:10px\" aria-hidden=\"true\" class=\"wp-block-spacer\"><\/div>\n\n\n\n<p>Imaginez-vous p\u00e9n\u00e9trer au domicile de votre client, non pas comme un simple prestataire, mais comme <strong>un partenaire privil\u00e9gi\u00e9<\/strong>. Vous prenez le temps n\u00e9cessaire pour comprendre ses aspirations profondes, ses r\u00eaves, et, ensemble, vous donnez vie \u00e0 <strong>un espace qui lui ressemble v\u00e9ritablement<\/strong>. Cette relation de proximit\u00e9, d\u00e9barrass\u00e9e de la pression des showrooms, cr\u00e9e <strong>une confiance solide et unique<\/strong>.<\/p>\n\n\n\n<div style=\"height:10px\" aria-hidden=\"true\" class=\"wp-block-spacer\"><\/div>\n\n\n\n<p><strong>Votre expertise<\/strong> devient alors le catalyseur de ses envies, le guidant vers les meilleures solutions. <strong>La fiert\u00e9<\/strong> qu&#8217;il retirera de ce projet, auquel il aura pleinement particip\u00e9, sera <strong>votre meilleure carte de visite<\/strong>, ouvrant les portes \u00e0 de futures recommandations et de nouveaux projets.<\/p>\n<\/div>\n\n\n\n<div class=\"wp-block-column is-vertically-aligned-center is-layout-flow wp-block-column-is-layout-flow\">\n<figure class=\"wp-block-image alignright size-full is-style-rounded\"><img loading=\"lazy\" decoding=\"async\" width=\"525\" height=\"525\" src=\"https:\/\/franchise.raisonhome.com\/app\/uploads\/2025\/05\/concept-rh-dev-2.jpg\" alt=\"Avec le client, concept Raison Home\" class=\"wp-image-13717\" srcset=\"https:\/\/franchise.raisonhome.com\/app\/uploads\/2025\/05\/concept-rh-dev-2.jpg 525w, https:\/\/franchise.raisonhome.com\/app\/uploads\/2025\/05\/concept-rh-dev-2-300x300.jpg 300w, https:\/\/franchise.raisonhome.com\/app\/uploads\/2025\/05\/concept-rh-dev-2-150x150.jpg 150w, https:\/\/franchise.raisonhome.com\/app\/uploads\/2025\/05\/concept-rh-dev-2-50x50.jpg 50w\" sizes=\"auto, (max-width: 525px) 100vw, 525px\" \/><\/figure>\n<\/div>\n<\/div>\n\n\n\n<hr class=\"wp-block-separator has-alpha-channel-opacity\"\/>\n\n\n\n<div class=\"wp-block-columns are-vertically-aligned-center is-layout-flex wp-container-core-columns-is-layout-28f84493 wp-block-columns-is-layout-flex\">\n<div class=\"wp-block-column is-vertically-aligned-center is-layout-flow wp-block-column-is-layout-flow\">\n<figure class=\"wp-block-image size-full is-style-rounded\"><img loading=\"lazy\" decoding=\"async\" width=\"525\" height=\"525\" src=\"https:\/\/franchise.raisonhome.com\/app\/uploads\/2025\/05\/concept-rh-dev-vr.jpg\" alt=\"Pour le client, concept Raison Home\" class=\"wp-image-13714\" srcset=\"https:\/\/franchise.raisonhome.com\/app\/uploads\/2025\/05\/concept-rh-dev-vr.jpg 525w, https:\/\/franchise.raisonhome.com\/app\/uploads\/2025\/05\/concept-rh-dev-vr-300x300.jpg 300w, https:\/\/franchise.raisonhome.com\/app\/uploads\/2025\/05\/concept-rh-dev-vr-150x150.jpg 150w, https:\/\/franchise.raisonhome.com\/app\/uploads\/2025\/05\/concept-rh-dev-vr-50x50.jpg 50w\" sizes=\"auto, (max-width: 525px) 100vw, 525px\" \/><\/figure>\n<\/div>\n\n\n\n<div class=\"wp-block-column is-vertically-aligned-center is-layout-flow wp-block-column-is-layout-flow\">\n<h2 class=\"wp-block-heading\">L&#8217;exp\u00e9rience <mark style=\"background-color:rgba(0, 0, 0, 0)\" class=\"has-inline-color has-1-color\">Raison Home<\/mark><\/h2>\n\n\n\n<p>Nous savons que votre client aspire \u00e0 <strong>un interlocuteur unique<\/strong>, un v\u00e9ritable chef d&#8217;orchestre responsable de la r\u00e9ussite de leur projet dans les moindres d\u00e9tails. En tant que franchis\u00e9, vous incarnez cette <strong>figure de confiance<\/strong>, coordonnant l&#8217;ensemble des artisans li\u00e9s au projet et vous assurant que chaque \u00e9tape se d\u00e9roule avec <strong>fluidit\u00e9<\/strong>, conform\u00e9ment \u00e0 ses attentes et au planning \u00e9tabli.<\/p>\n\n\n\n<div style=\"height:10px\" aria-hidden=\"true\" class=\"wp-block-spacer\"><\/div>\n\n\n\n<p>Ce faisant, vous lui \u00e9pargnez le stress de devoir jongler avec diff\u00e9rents intervenants et vous lui <strong>garantissez un r\u00e9sultat final \u00e0 la hauteur de leurs r\u00eaves<\/strong>. Gr\u00e2ce \u00e0 notre approche de co-conception, vous \u00eates au plus pr\u00e8s de ses besoins, <strong>minimisant ainsi les risques d&#8217;incompr\u00e9hensions<\/strong> et de potentiels d\u00e9sagr\u00e9ments. Choisir <a href=\"https:\/\/www.raisonhome.com\/fr-be\/\" target=\"_blank\" rel=\"noreferrer noopener sponsored nofollow\">Raison Home<\/a>, c&#8217;est offrir \u00e0 votre client <strong>la tranquillit\u00e9 d&#8217;esprit<\/strong> et <strong>la certitude d&#8217;un projet r\u00e9ussi<\/strong>, de A \u00e0 Z.<\/p>\n<\/div>\n<\/div>\n\n\n\n<hr class=\"wp-block-separator has-alpha-channel-opacity\"\/>\n\n\n<section class=\"acf cta align wp-block-acf-cta\" id=\"block_032cec07c8b461018b8786e203b6bf91\">\n\t<div class=\"bloc\">\n\t\t<div class=\"container\">\n\t\t\t\t\t\t\t<div class=\"thumb\">\n\t\t\t\t\t<picture>\n\t\t\t\t\t\t\t<source type=\"image\/webp\" srcset=\"https:\/\/franchise.raisonhome.com\/app\/uploads\/2024\/09\/reconversion-partielle.webp, https:\/\/franchise.raisonhome.com\/app\/uploads\/2024\/09\/reconversion-partielle@2x.webp 2x\">\n\t\t\t\t\t\t\t<source type=\"image\/jpeg\" srcset=\"https:\/\/franchise.raisonhome.com\/app\/uploads\/2024\/09\/reconversion-partielle.jpg, https:\/\/franchise.raisonhome.com\/app\/uploads\/2024\/09\/reconversion-partielle@2x.jpg 2x\">\n\t\t\t\t\t\t\t<img loading=\"lazy\" decoding=\"async\" src=\"https:\/\/franchise.raisonhome.com\/app\/uploads\/2024\/09\/reconversion-partielle.jpg\" width=\"390\" height=\"260\" alt=\"Venez en reconversion partielle chez Raison Home\" \/>\n\t\t\t\t\t<\/picture>\n\t\t\t\t<\/div>\n\t\t\t\t\t\t<div class=\"ct\">\n\t\t\t\t<h3>La co-conception avec Raison Home<\/h3>\n\t\t\t\t<p>Le concept de Raison Home vous semble encore assez flou ? Mettez vous dans la peau d&#8217;un client Raison Home en parcourant notre brochure destin\u00e9e aux clients.<\/p>\n\t\t\t\t\t\t\t\t\t<a href=\"http:\/\/content-franchise.raisonhome.com\/brochure-client-raison-home-belgium\" class=\"btn\">D\u00e9couvrir la brochure client<\/a>\n\t\t\t\t\t\t\t<\/div>\n\t\t<\/div>\n\t<\/div>\n<\/section>\n\n\n\n<hr class=\"wp-block-separator has-alpha-channel-opacity\"\/>\n\n\n<section class=\"acf cartes-informatives align wp-block-acf-cartes-informatives\" id=\"block_7963f2004b507fa95c78a9f595a2622e\">\n\t<div class=\"container\">\n\t\t\t\t\t<div class=\"intro\">\n\t\t\t\t<h2 class=\"titre\">\n\t\t\t\t\t<p style=\"text-align: center;\"><span style=\"color: #c49b27;\">Les valeurs<\/span>\u00a0de Raison Home<\/p>\n\n\t\t\t\t<\/h2>\n\t\t\t<\/div>\n\t\t\n\t\t<div class=\"grid\">\n\t\t\t\t\t\t\t<div class=\"item card-informative\">\n\t\t\t\t\t<picture class=\"image\">\n\t\t\t\t\t\t\t\t\t\t\t\t\t<source type=\"image\/webp\" srcset=\"https:\/\/franchise.raisonhome.com\/app\/uploads\/2024\/10\/ff-avec-clients.webp, https:\/\/franchise.raisonhome.com\/app\/uploads\/2024\/10\/ff-avec-clients@2x.webp 2x\">\n\t\t\t\t\t\t\t<source type=\"image\/jpeg\" srcset=\"https:\/\/franchise.raisonhome.com\/app\/uploads\/2024\/10\/ff-avec-clients.jpg, https:\/\/franchise.raisonhome.com\/app\/uploads\/2024\/10\/ff-avec-clients@2x.jpg 2x\">\n\t\t\t\t\t\t\t<img loading=\"lazy\" decoding=\"async\" src=\"https:\/\/franchise.raisonhome.com\/app\/uploads\/2024\/10\/ff-avec-clients.jpg\" alt=\"With you at home\" width=\"560\" height=\"760\">\n\t\t\t\t\t\t\t\t\t\t\t<\/picture>\n\n\t\t\t\t\t\t\t\t\t\t\t<div class=\"content\">\n\t\t\t\t\t\t\t\t\t\t\t\t\t\t\t<div class=\"titre\">\n\t\t\t\t\t\t\t\t\tFamille\n\t\t\t\t\t\t\t\t<\/div>\n\t\t\t\t\t\t\t\n\t\t\t\t\t\t\t\t\t\t\t\t\t\t\t<div class=\"contenu\">\n\t\t\t\t\t\t\t\t\t<p style=\"text-align: center;\">En comprenant les habitudes de la famille directement chez elle, nous cr\u00e9ons des espaces o\u00f9 chacun s&#8217;\u00e9panouit.<\/p>\n\n\t\t\t\t\t\t\t\t<\/div>\n\t\t\t\t\t\t\t\t\t\t\t\t\t<\/div>\n\t\t\t\t\t\t\t\t\t<\/div>\n\t\t\t\t\t\t\t<div class=\"item card-informative\">\n\t\t\t\t\t<picture class=\"image\">\n\t\t\t\t\t\t\t\t\t\t\t\t\t<source type=\"image\/webp\" srcset=\"https:\/\/franchise.raisonhome.com\/app\/uploads\/2024\/09\/profil-redevances.webp, https:\/\/franchise.raisonhome.com\/app\/uploads\/2024\/09\/profil-redevances@2x.webp 2x\">\n\t\t\t\t\t\t\t<source type=\"image\/jpeg\" srcset=\"https:\/\/franchise.raisonhome.com\/app\/uploads\/2024\/09\/profil-redevances.jpg, https:\/\/franchise.raisonhome.com\/app\/uploads\/2024\/09\/profil-redevances@2x.jpg 2x\">\n\t\t\t\t\t\t\t<img loading=\"lazy\" decoding=\"async\" src=\"https:\/\/franchise.raisonhome.com\/app\/uploads\/2024\/09\/profil-redevances.jpg\" alt=\"Redevances chez Raison Home\" width=\"560\" height=\"760\">\n\t\t\t\t\t\t\t\t\t\t\t<\/picture>\n\n\t\t\t\t\t\t\t\t\t\t\t<div class=\"content\">\n\t\t\t\t\t\t\t\t\t\t\t\t\t\t\t<div class=\"titre\">\n\t\t\t\t\t\t\t\t\tHonn\u00eatet\u00e9\n\t\t\t\t\t\t\t\t<\/div>\n\t\t\t\t\t\t\t\n\t\t\t\t\t\t\t\t\t\t\t\t\t\t\t<div class=\"contenu\">\n\t\t\t\t\t\t\t\t\t<p style=\"text-align: center;\">Honorer la confiance de nos clients en \u00e9tant transparents et respectueux d\u00e8s l&#8217;accueil dans leur foyer.<\/p>\n\n\t\t\t\t\t\t\t\t<\/div>\n\t\t\t\t\t\t\t\t\t\t\t\t\t<\/div>\n\t\t\t\t\t\t\t\t\t<\/div>\n\t\t\t\t\t\t\t<div class=\"item card-informative\">\n\t\t\t\t\t<picture class=\"image\">\n\t\t\t\t\t\t\t\t\t\t\t\t\t<source type=\"image\/webp\" srcset=\"https:\/\/franchise.raisonhome.com\/app\/uploads\/2024\/09\/reconversion-partielle-cequevousvoulez.webp, https:\/\/franchise.raisonhome.com\/app\/uploads\/2024\/09\/reconversion-partielle-cequevousvoulez@2x.webp 2x\">\n\t\t\t\t\t\t\t<source type=\"image\/jpeg\" srcset=\"https:\/\/franchise.raisonhome.com\/app\/uploads\/2024\/09\/reconversion-partielle-cequevousvoulez.jpg, https:\/\/franchise.raisonhome.com\/app\/uploads\/2024\/09\/reconversion-partielle-cequevousvoulez@2x.jpg 2x\">\n\t\t\t\t\t\t\t<img loading=\"lazy\" decoding=\"async\" src=\"https:\/\/franchise.raisonhome.com\/app\/uploads\/2024\/09\/reconversion-partielle-cequevousvoulez.jpg\" alt=\"Que voulez vous en reconversion partielle\" width=\"560\" height=\"760\">\n\t\t\t\t\t\t\t\t\t\t\t<\/picture>\n\n\t\t\t\t\t\t\t\t\t\t\t<div class=\"content\">\n\t\t\t\t\t\t\t\t\t\t\t\t\t\t\t<div class=\"titre\">\n\t\t\t\t\t\t\t\t\tCollaboration\n\t\t\t\t\t\t\t\t<\/div>\n\t\t\t\t\t\t\t\n\t\t\t\t\t\t\t\t\t\t\t\t\t\t\t<div class=\"contenu\">\n\t\t\t\t\t\t\t\t\t<p style=\"text-align: center;\">Un partenariat o\u00f9 l&#8217;expertise de nos franchis\u00e9s guide et rassure le client, tout en pla\u00e7ant ses d\u00e9sirs au centre du projet.<\/p>\n\n\t\t\t\t\t\t\t\t<\/div>\n\t\t\t\t\t\t\t\t\t\t\t\t\t<\/div>\n\t\t\t\t\t\t\t\t\t<\/div>\n\t\t\t\t\t\t\t<div class=\"item card-informative\">\n\t\t\t\t\t<picture class=\"image\">\n\t\t\t\t\t\t\t\t\t\t\t\t\t<source type=\"image\/webp\" srcset=\"https:\/\/franchise.raisonhome.com\/app\/uploads\/2024\/04\/doc-franchise-securite.webp, https:\/\/franchise.raisonhome.com\/app\/uploads\/2024\/04\/doc-franchise-securite@2x.webp 2x\">\n\t\t\t\t\t\t\t<source type=\"image\/jpeg\" srcset=\"https:\/\/franchise.raisonhome.com\/app\/uploads\/2024\/04\/doc-franchise-securite.jpg, https:\/\/franchise.raisonhome.com\/app\/uploads\/2024\/04\/doc-franchise-securite@2x.jpg 2x\">\n\t\t\t\t\t\t\t<img loading=\"lazy\" decoding=\"async\" src=\"https:\/\/franchise.raisonhome.com\/app\/uploads\/2024\/04\/doc-franchise-securite.jpg\" alt=\"La franchise pour entreprendre en tout s\u00e9curit\u00e9\" width=\"560\" height=\"760\">\n\t\t\t\t\t\t\t\t\t\t\t<\/picture>\n\n\t\t\t\t\t\t\t\t\t\t\t<div class=\"content\">\n\t\t\t\t\t\t\t\t\t\t\t\t\t\t\t<div class=\"titre\">\n\t\t\t\t\t\t\t\t\tPositif\n\t\t\t\t\t\t\t\t<\/div>\n\t\t\t\t\t\t\t\n\t\t\t\t\t\t\t\t\t\t\t\t\t\t\t<div class=\"contenu\">\n\t\t\t\t\t\t\t\t\t<p style=\"text-align: center;\">Aborder chaque projet avec enthousiasme et la joie de faire plaisir \u00e0 nos clients. Notre r\u00e9compense : leur satisfaction.<\/p>\n\n\t\t\t\t\t\t\t\t<\/div>\n\t\t\t\t\t\t\t\t\t\t\t\t\t<\/div>\n\t\t\t\t\t\t\t\t\t<\/div>\n\t\t\t\t\t<\/div>\n\t<\/div>\n<\/section>\n\n\n<hr class=\"wp-block-separator has-alpha-channel-opacity\"\/>\n\n\n\n<div class=\"wp-block-columns is-style-sticky is-layout-flex wp-container-core-columns-is-layout-28f84493 wp-block-columns-is-layout-flex\">\n<div class=\"wp-block-column is-vertically-aligned-top is-layout-flow wp-block-column-is-layout-flow\">\n<h2 class=\"wp-block-heading\">Raison Home accompagne votre <mark style=\"background-color:rgba(0, 0, 0, 0)\" class=\"has-inline-color has-1-color\">ambition entrepreneuriale<\/mark><\/h2>\n\n\n\n<p>Notre <strong>mod\u00e8le unique<\/strong> vous assure une <strong>rentabilit\u00e9 imm\u00e9diate<\/strong>, des <strong>marges \u00e9lev\u00e9es<\/strong> pour d\u00e9velopper votre entreprise et la <strong>valorisation<\/strong> d&#8217;un actif durable. Votre r\u00e9ussite est notre moteur.<\/p>\n<\/div>\n\n\n\n<div class=\"wp-block-column is-layout-flow wp-block-column-is-layout-flow\"><section class=\"acf slider-vertical align wp-block-acf-slider-vertical\" id=\"block_b035276b4820c2815621888b05a58d27\">\n\t<div class=\"container\">\n\t\t<div class=\"slides \">\n\t\t\t\t\t\t\t\t\t\t\t\t\t\t<div class=\"slide fleches-on\">\n\t\t\t\t\t\n\n\t\t\t\t\t\t\t\t\t\t\t\t\t\t\t\t\t<strong>\n\t\t\t\t\t\t\t\t\t\t\t\t\t\t\t\t\t\t\t\t\t\t\t\t\t\t\t\t\t\t\t\tSeuil de rentabilit\u00e9 facile et rapide \u00e0 atteindre\n\t\t\t\t\t\t\t\t\t\t\t\t\t\t\t\t\t\t\t\t\t<\/strong>\n\t\t\t\t\t\t\t\t\t\t<div class=\"ct\">Gr\u00e2ce \u00e0 une <b>structure de co\u00fbts optimis\u00e9e<\/b> et particuli\u00e8rement l\u00e9g\u00e8re, la majorit\u00e9 de nos franchis\u00e9s atteignent le <b>seuil de rentabilit\u00e9<\/b> d\u00e8s leur premier exercice fiscal, et ce, avec seulement deux \u00e0 trois ventes par mois. \r\n<br><br>\r\nDe plus, notre syst\u00e8me unique vous assure une tr\u00e9sorerie positive en continu : <b>vous n&#8217;avez pas \u00e0 supporter le poids d&#8217;un stock<\/b> et vous r\u00e9glez vos fournisseurs uniquement apr\u00e8s avoir \u00e9t\u00e9 pay\u00e9 par vos clients. \r\nCette agilit\u00e9 financi\u00e8re vous offre une assise solide pour <b>d\u00e9velopper sereinement votre activit\u00e9<\/b>.<\/div>\n\t\t\t\t\t\t\t\t\t<\/div>\n\t\t\t\t\t\t\t\t\t\t\t<div class=\"slide fleches-on\">\n\t\t\t\t\t\n\n\t\t\t\t\t\t\t\t\t\t\t\t\t\t\t\t\t<strong>\n\t\t\t\t\t\t\t\t\t\t\t\t\t\t\t\t\t\t\t\t\t\t\t\t\t\t\t\t\t\t\t\tPerspectives de profits in\u00e9dites\n\t\t\t\t\t\t\t\t\t\t\t\t\t\t\t\t\t\t\t\t\t<\/strong>\n\t\t\t\t\t\t\t\t\t\t<div class=\"ct\">Notre mod\u00e8le vous offre des perspectives de profits remarquables, avec la possibilit\u00e9 de viser une <b>valeur ajout\u00e9e allant de 15 \u00e0 25%<\/b> au sein de votre entreprise, en fonction de votre gestion et de votre volume d&#8217;affaires. \r\n<br><br>\r\nCette rentabilit\u00e9 solide se traduit rapidement par une tr\u00e9sorerie exc\u00e9dentaire significative, vous offrant la libert\u00e9 <b>d&#8217;investir dans la croissance de votre entreprise<\/b>. Que ce soit par l&#8217;engagement de nouveaux talents, des initiatives de prospection et de communication cibl\u00e9es, ou d&#8217;autres strat\u00e9gies de d\u00e9veloppement, Raison Home vous donne <b>les moyens de vos ambitions<\/b>.<\/div>\n\t\t\t\t\t\t\t\t\t<\/div>\n\t\t\t\t\t\t\t\t\t\t\t<div class=\"slide fleches-on\">\n\t\t\t\t\t\n\n\t\t\t\t\t\t\t\t\t\t\t\t\t\t\t\t\t<strong>\n\t\t\t\t\t\t\t\t\t\t\t\t\t\t\t\t\t\t\t\t\t\t\t\t\t\t\t\t\t\t\t\tValoriser votre patrimoine\n\t\t\t\t\t\t\t\t\t\t\t\t\t\t\t\t\t\t\t\t\t<\/strong>\n\t\t\t\t\t\t\t\t\t\t<div class=\"ct\">Au fil du temps et avec une gestion efficace, votre entreprise prend de la valeur. Notre contrat de franchise, con\u00e7u pour un partenariat \u00e0 long terme, <b>offre la possibilit\u00e9 d&#8217;\u00eatre renouvel\u00e9<\/b>, assurant ainsi la continuit\u00e9 et le d\u00e9veloppement de votre entreprise. \r\n<br><br>\r\nLe jour o\u00f9 vous souhaiterez envisager une transition, que ce soit pour prendre votre retraite ou explorer de nouvelles opportunit\u00e9s, Raison Home vous accompagnera dans <b>la valorisation et la cession de votre entreprise<\/b>, afin d&#8217;en retirer le meilleur fruit. <br><br>\r\nDe plus, la transmission de votre franchise \u00e0 vos h\u00e9ritiers est une option concr\u00e8te, perp\u00e9tuant ainsi un h\u00e9ritage entrepreneurial.<\/div>\n\t\t\t\t\t\t\t\t\t<\/div>\n\t\t\t\t\t\t\t\t\t\t\t<div class=\"slide fleches-on\">\n\t\t\t\t\t\n\n\t\t\t\t\t\t\t\t\t\t\t\t\t\t\t\t\t<strong>\n\t\t\t\t\t\t\t\t\t\t\t\t\t\t\t\t\t\t\t\t\t\t\t\t\t\t\t\t\t\t\t\tD\u00e9veloppement mutuel, votre r\u00e9ussite, notre r\u00e9ussite\n\t\t\t\t\t\t\t\t\t\t\t\t\t\t\t\t\t\t\t\t\t<\/strong>\n\t\t\t\t\t\t\t\t\t\t<div class=\"ct\">L&#8217;ADN de Raison Home repose sur un principe fondamental : <b>votre succ\u00e8s est intrins\u00e8quement li\u00e9 au n\u00f4tre<\/b>. Nous ne sommes pas qu&#8217;un r\u00e9seau de franchise, nous sommes un v\u00e9ritable partenariat o\u00f9 le d\u00e9veloppement de chaque franchis\u00e9 est une priorit\u00e9 absolue. \r\n<br><br>\r\nNous mettons \u00e0 votre disposition notre expertise, nos outils innovants et un accompagnement constant pour vous permettre d&#8217;atteindre vos objectifs. <b>Votre croissance<\/b> alimente la force et la r\u00e9putation de l&#8217;ensemble du r\u00e9seau, cr\u00e9ant ainsi un cercle vertueux de r\u00e9ussite mutuelle. <br><br>\r\nChez Raison Home, <b>nous grandissons ensemble<\/b>.<\/div>\n\t\t\t\t\t\t\t\t\t<\/div>\n\t\t\t\t\t<\/div>\n\t<\/div>\n<\/section><\/div>\n<\/div>\n\n\n\n<hr class=\"wp-block-separator has-alpha-channel-opacity\"\/>\n\n\n<section class=\"acf derniers-contenus align wp-block-acf-derniers-contenus\" id=\"block_d2494ebb3c19fb1fca4f7795478ffa38\">\n\t<div class=\"container\">\n\t\t<div class=\"h\">\n\t\t\t<h2>Echangeons sur le concept de Raison Home<\/h2>\n\t\t\t\t\t\t\t\t<a href=\"https:\/\/franchise.raisonhome.com\/nos-evenements\/\" class=\"btn\">Tous nos \u00e9v\u00e9nements<\/a>\n\t\t\t\t\t\t<\/div>\n\t\t\t\t\t<div class=\"list list-event\">\n\t\t\t\t\t\t\t\t\t\t\t\t\t\t\t<article class=\"card-evenement\">\n        <strong class=\"title\">Participez \u00e0 notre Visio Conf\u00e9rence Raison Home !<\/strong>\n    <div class=\"head\">\n                <span class=\"date\">22\/05\/2025<\/span>\n        <span class=\"lieu\">En ligne<\/span>\n    <\/div>\n            <div class=\"ct\">\n            Rejoignez notre\u00a0Visio Conf\u00e9rence, une r\u00e9union d\u2019information en ligne anim\u00e9e par les d\u00e9veloppeurs r\u00e9seau de Raison Home.\n        <\/div>\n        <a href=\"https:\/\/franchise.raisonhome.com\/fr-be\/evenements\/participez-a-notre-visio-conference-raison-home-2\/\">\n                    Voir l&#8217;\u00e9v\u00e9nement\n            <\/a>\n<\/article>\n\t\t\t\t\t\t\t\t\t\t\t\t\t\t\t\t\t\t\t\t<article class=\"card-evenement\">\n        <strong class=\"title\">Participez \u00e0 notre Visio Conf\u00e9rence Raison Home !<\/strong>\n    <div class=\"head\">\n                <span class=\"date\">16\/05\/2025<\/span>\n        <span class=\"lieu\">En ligne<\/span>\n    <\/div>\n            <div class=\"ct\">\n            Rejoignez notre Visio Conf\u00e9rence, une r\u00e9union d\u2019information en ligne anim\u00e9e par les d\u00e9veloppeurs r\u00e9seau de Raison Home.\n        <\/div>\n        <a href=\"https:\/\/franchise.raisonhome.com\/fr-be\/evenements\/participez-a-notre-visio-conference-raison-home\/\">\n                    Voir l&#8217;\u00e9v\u00e9nement\n            <\/a>\n<\/article>\n\t\t\t\t\t\t\t\t\t\t\t\t<\/div>\n\t\t\t<\/div>\n<\/section>\n\n\n<hr class=\"wp-block-separator has-alpha-channel-opacity\"\/>\n","protected":false},"excerpt":{"rendered":"<p>C&#8217;est \u00e0 votre domicile que se dessinent les meilleures solutions pour votre am\u00e9nagement d&#8217;int\u00e9rieur. Chez le client Nous avons repens\u00e9 l&#8217;approche traditionnelle en pla\u00e7ant la rencontre chez le client au c\u0153ur de notre d\u00e9marche. Plus de showrooms impersonnels ou d&#8217;horaires contraignants ! Vous \u00eates l&#8217;expert qui franchit leur porte, s&#8217;impr\u00e8gne de leur atmosph\u00e8re et tisse [&hellip;]<\/p>\n","protected":false},"author":2,"featured_media":10509,"parent":0,"menu_order":0,"comment_status":"closed","ping_status":"closed","template":"","meta":{"_acf_changed":false,"footnotes":""},"class_list":["post-13768","page","type-page","status-publish","has-post-thumbnail","hentry"],"acf":[],"_links":{"self":[{"href":"https:\/\/franchise.raisonhome.com\/fr-be\/wp-json\/wp\/v2\/pages\/13768","targetHints":{"allow":["GET"]}}],"collection":[{"href":"https:\/\/franchise.raisonhome.com\/fr-be\/wp-json\/wp\/v2\/pages"}],"about":[{"href":"https:\/\/franchise.raisonhome.com\/fr-be\/wp-json\/wp\/v2\/types\/page"}],"author":[{"embeddable":true,"href":"https:\/\/franchise.raisonhome.com\/fr-be\/wp-json\/wp\/v2\/users\/2"}],"replies":[{"embeddable":true,"href":"https:\/\/franchise.raisonhome.com\/fr-be\/wp-json\/wp\/v2\/comments?post=13768"}],"version-history":[{"count":12,"href":"https:\/\/franchise.raisonhome.com\/fr-be\/wp-json\/wp\/v2\/pages\/13768\/revisions"}],"predecessor-version":[{"id":13882,"href":"https:\/\/franchise.raisonhome.com\/fr-be\/wp-json\/wp\/v2\/pages\/13768\/revisions\/13882"}],"wp:featuredmedia":[{"embeddable":true,"href":"https:\/\/franchise.raisonhome.com\/fr-be\/wp-json\/wp\/v2\/media\/10509"}],"wp:attachment":[{"href":"https:\/\/franchise.raisonhome.com\/fr-be\/wp-json\/wp\/v2\/media?parent=13768"}],"curies":[{"name":"wp","href":"https:\/\/api.w.org\/{rel}","templated":true}]}}