{"id":13139,"date":"2025-03-11T09:38:20","date_gmt":"2025-03-11T08:38:20","guid":{"rendered":"https:\/\/franchise.raisonhome.com\/?page_id=13139"},"modified":"2025-05-27T17:40:00","modified_gmt":"2025-05-27T15:40:00","slug":"histoire-franchise-raison-home","status":"publish","type":"page","link":"https:\/\/franchise.raisonhome.com\/fr-be\/histoire-franchise-raison-home\/","title":{"rendered":"Notre histoire"},"content":{"rendered":"<section class=\"acf entete-de-page align wp-block-acf-entete-de-page\" id=\"block_45040431165aade1e0404e34a1dce31e\">\n\t<div class=\"container\">\n\t\t<div class=\"bloc\">\n\t\t\t\n\t\t\t\t\t\t\t\t\t<picture>\n\t\t\t\t\t\t<source type=\"image\/webp\" srcset=\"https:\/\/franchise.raisonhome.com\/app\/uploads\/2025\/03\/logo-humain-raisonhome-histoire-1024x480.webp, https:\/\/franchise.raisonhome.com\/app\/uploads\/2025\/03\/logo-humain-raisonhome-histoire-1024x480@2x.webp 2x\">\n\t\t\t\t\t\t<source type=\"image\/jpeg\" srcset=\"https:\/\/franchise.raisonhome.com\/app\/uploads\/2025\/03\/logo-humain-raisonhome-histoire-1024x480.jpg, https:\/\/franchise.raisonhome.com\/app\/uploads\/2025\/03\/logo-humain-raisonhome-histoire-1024x480@2x.jpg 2x\">\n\t\t\t\t\t\t<img loading=\"lazy\" decoding=\"async\" src=\"https:\/\/franchise.raisonhome.com\/app\/uploads\/2025\/03\/logo-humain-raisonhome-histoire-1024x480.jpg\" width=\"390\" height=\"260\" alt=\"\" \/>\n\t\t\t\t\t<\/picture>\n\t\t\t\t\t\t\t\t<div class=\"content \">\n\t\t\t\t\t<h1>Une histoire <\/br>pas comme les autres<\/h1>\n\t\t\t\t\t<p>La franchise Raison Home a un positionnement unique, pr\u00e9curseur du service \u00e0 domicile dans le secteur de l&#8217;am\u00e9nagement d&#8217;int\u00e9rieur. Une histoire qui dure maintenant depuis plus de 25 ans.<\/p>\n\t\t\t\t<\/div>\n\n\t\t\t\t\t<\/div>\n\t<\/div>\n<\/section>\n\n\n<hr class=\"wp-block-separator has-alpha-channel-opacity\"\/>\n\n\n\n<div class=\"wp-block-media-text is-stacked-on-mobile is-vertically-aligned-top\"><figure class=\"wp-block-media-text__media\"><img loading=\"lazy\" decoding=\"async\" width=\"940\" height=\"788\" src=\"https:\/\/franchise.raisonhome.com\/app\/uploads\/2025\/03\/stephane-ducarois.jpg\" alt=\"Stephane Ducarois\" class=\"wp-image-12480 size-full\" srcset=\"https:\/\/franchise.raisonhome.com\/app\/uploads\/2025\/03\/stephane-ducarois.jpg 940w, https:\/\/franchise.raisonhome.com\/app\/uploads\/2025\/03\/stephane-ducarois-300x251.jpg 300w, https:\/\/franchise.raisonhome.com\/app\/uploads\/2025\/03\/stephane-ducarois-768x644.jpg 768w\" sizes=\"auto, (max-width: 940px) 100vw, 940px\" \/><\/figure><div class=\"wp-block-media-text__content\">\n<figure class=\"wp-block-pullquote\"><blockquote><p>\u201cCe que j\u2019aime par-dessus tout dans la franchise <mark style=\"background-color:rgba(0, 0, 0, 0)\" class=\"has-inline-color has-1-color\">Raison Home<\/mark>, c\u2019est la formation continue et le soutien offerts par le franchiseur, qui sont des atouts majeurs pour mieux conna\u00eetre les produits ainsi que le sentiment de faire partie d\u2019une famille.\u201d<\/p><cite><mark style=\"background-color:rgba(0, 0, 0, 0)\" class=\"has-inline-color has-1-color\">St\u00e9phane Ducarois, Franchis\u00e9 Raison Home<\/mark><\/cite><\/blockquote><\/figure>\n<\/div><\/div>\n\n\n\n<hr class=\"wp-block-separator has-alpha-channel-opacity\"\/>\n\n\n\n<div class=\"wp-block-columns is-style-sticky is-layout-flex wp-container-core-columns-is-layout-28f84493 wp-block-columns-is-layout-flex\">\n<div class=\"wp-block-column is-layout-flow wp-block-column-is-layout-flow\">\n<h2 class=\"wp-block-heading\">Notre<mark style=\"background-color:rgba(0, 0, 0, 0)\" class=\"has-inline-color has-1-color\"> histoire<\/mark><\/h2>\n\n\n\n<p>Depuis ses d\u00e9buts en 1993, la franchise <a href=\"https:\/\/www.raisonhome.com\/fr-be\/\" target=\"_blank\" rel=\"noreferrer noopener nofollow\">Raison Home<\/a>, anciennement Cuisines Raison, s\u2019est construit autour d\u2019une vision forte : <strong>r\u00e9volutionner l\u2019am\u00e9nagement int\u00e9rieur en pla\u00e7ant le client au c\u0153ur de son projet<\/strong>.<\/p>\n\n\n\n<div style=\"height:10px\" aria-hidden=\"true\" class=\"wp-block-spacer\"><\/div>\n\n\n\n<p>Une initiative audacieuse de la part du fondateur Claude Raison qui s&#8217;est lanc\u00e9 dans l&#8217;aventure de la franchise en restant fid\u00e8le \u00e0 ses valeurs : <strong>famille<\/strong>, <strong>honn\u00eatet\u00e9<\/strong>, <strong>plaisir<\/strong> et <strong>collaboration<\/strong>. Valeurs qu&#8217;il a su transmettre \u00e0 son fils Laurent, aujourd&#8217;hui dirigeant de <a href=\"https:\/\/www.raisonhome.com\/fr-be\/\" target=\"_blank\" rel=\"noreferrer noopener nofollow\">Raison Home<\/a>.<\/p>\n<\/div>\n\n\n\n<div class=\"wp-block-column is-layout-flow wp-block-column-is-layout-flow\"><section class=\"acf slider-vertical align wp-block-acf-slider-vertical\" id=\"block_67e8479baf8128d367a51c757a817a02\">\n\t<div class=\"container\">\n\t\t<div class=\"slides \">\n\t\t\t\t\t\t\t\t\t\t\t\t\t\t<div class=\"slide fleches-on\">\n\t\t\t\t\t\t\t\t\t\t\t<picture>\n\t\t\t\t\t\t\t<source type=\"image\/webp\" srcset=\"https:\/\/franchise.raisonhome.com\/app\/uploads\/2025\/03\/g2.webp, https:\/\/franchise.raisonhome.com\/app\/uploads\/2025\/03\/g2@2x.webp 2x\">\n\t\t\t\t\t\t\t<source type=\"image\/jpeg\" srcset=\"https:\/\/franchise.raisonhome.com\/app\/uploads\/2025\/03\/g2.jpg, https:\/\/franchise.raisonhome.com\/app\/uploads\/2025\/03\/g2@2x.jpg 2x\">\n\t\t\t\t\t\t\t<img loading=\"lazy\" decoding=\"async\" src=\"https:\/\/franchise.raisonhome.com\/app\/uploads\/2025\/03\/g2.jpg\" width=\"390\" height=\"260\" alt=\"Les d\u00e9buts de Raison Home\" \/>\n\t\t\t\t\t\t<\/picture>\n\t\t\t\t\t\n\n\t\t\t\t\t\t\t\t\t\t\t\t\t\t\t\t\t<strong>\n\t\t\t\t\t\t\t\t\t\t\t\t\t\t\t\t\t\t\t\t\t\t\t\t<span>1993<\/span>\n\t\t\t\t\t\t\t\t\t\t\t\t\t\t\t\t\t\t\t\t\t\t\t\t\tLes d\u00e9buts\n\t\t\t\t\t\t\t\t\t\t\t\t\t\t\t\t\t\t\t\t\t<\/strong>\n\t\t\t\t\t\t\t\t\t\t<div class=\"ct\">Claude Raison teste son concept en tant qu\u2019ind\u00e9pendant, abandonnant ses showrooms au profit de la vente \u00e0 domicile pour \u00eatre au plus pr\u00e8s des besoins de ses clients.<\/div>\n\t\t\t\t\t\t\t\t\t<\/div>\n\t\t\t\t\t\t\t\t\t\t\t<div class=\"slide fleches-on\">\n\t\t\t\t\t\t\t\t\t\t\t<picture>\n\t\t\t\t\t\t\t<source type=\"image\/webp\" srcset=\"https:\/\/franchise.raisonhome.com\/app\/uploads\/2025\/03\/capture-decran-2025-03-11-a-10.14.53.webp, https:\/\/franchise.raisonhome.com\/app\/uploads\/2025\/03\/capture-decran-2025-03-11-a-10.14.53@2x.webp 2x\">\n\t\t\t\t\t\t\t<source type=\"image\/jpeg\" srcset=\"https:\/\/franchise.raisonhome.com\/app\/uploads\/2025\/03\/capture-decran-2025-03-11-a-10.14.53.jpg, https:\/\/franchise.raisonhome.com\/app\/uploads\/2025\/03\/capture-decran-2025-03-11-a-10.14.53@2x.jpg 2x\">\n\t\t\t\t\t\t\t<img loading=\"lazy\" decoding=\"async\" src=\"https:\/\/franchise.raisonhome.com\/app\/uploads\/2025\/03\/capture-decran-2025-03-11-a-10.14.53.png\" width=\"390\" height=\"260\" alt=\"Jean-Louis Berthelot Raison Home\" \/>\n\t\t\t\t\t\t<\/picture>\n\t\t\t\t\t\n\n\t\t\t\t\t\t\t\t\t\t\t\t\t\t\t\t\t<strong>\n\t\t\t\t\t\t\t\t\t\t\t\t\t\t\t\t\t\t\t\t\t\t\t\t<span>2000<\/span>\n\t\t\t\t\t\t\t\t\t\t\t\t\t\t\t\t\t\t\t\t\t\t\t\t\tLa naissance du r\u00e9seau\n\t\t\t\t\t\t\t\t\t\t\t\t\t\t\t\t\t\t\t\t\t<\/strong>\n\t\t\t\t\t\t\t\t\t\t<div class=\"ct\">Cr\u00e9ation de la franchise Cuisines Raison, marquant le lancement d\u2019un concept novateur et diff\u00e9renciant sur le march\u00e9 de l&#8217;am\u00e9nagement et partageant ses valeurs.<\/div>\n\t\t\t\t\t\t\t\t\t<\/div>\n\t\t\t\t\t\t\t\t\t\t\t<div class=\"slide fleches-on\">\n\t\t\t\t\t\t\t\t\t\t\t<picture>\n\t\t\t\t\t\t\t<source type=\"image\/webp\" srcset=\"https:\/\/franchise.raisonhome.com\/app\/uploads\/2025\/03\/105075_0082_f_1580142761-1024x683.webp, https:\/\/franchise.raisonhome.com\/app\/uploads\/2025\/03\/105075_0082_f_1580142761-1024x683@2x.webp 2x\">\n\t\t\t\t\t\t\t<source type=\"image\/jpeg\" srcset=\"https:\/\/franchise.raisonhome.com\/app\/uploads\/2025\/03\/105075_0082_f_1580142761-1024x683.jpg, https:\/\/franchise.raisonhome.com\/app\/uploads\/2025\/03\/105075_0082_f_1580142761-1024x683@2x.jpg 2x\">\n\t\t\t\t\t\t\t<img loading=\"lazy\" decoding=\"async\" src=\"https:\/\/franchise.raisonhome.com\/app\/uploads\/2025\/03\/105075_0082_f_1580142761-1024x683.jpg\" width=\"390\" height=\"260\" alt=\"Transmission familiale de Raison Home\" \/>\n\t\t\t\t\t\t<\/picture>\n\t\t\t\t\t\n\n\t\t\t\t\t\t\t\t\t\t\t\t\t\t\t\t\t<strong>\n\t\t\t\t\t\t\t\t\t\t\t\t\t\t\t\t\t\t\t\t\t\t\t\t<span>2008<\/span>\n\t\t\t\t\t\t\t\t\t\t\t\t\t\t\t\t\t\t\t\t\t\t\t\t\tTransmission familiale\n\t\t\t\t\t\t\t\t\t\t\t\t\t\t\t\t\t\t\t\t\t<\/strong>\n\t\t\t\t\t\t\t\t\t\t<div class=\"ct\">Claude Raison passe la main \u00e0 son fils Laurent Raison pour la reprise de la franchise, assurant la continuit\u00e9 des valeurs du r\u00e9seau d&#8217;origine.<\/div>\n\t\t\t\t\t\t\t\t\t<\/div>\n\t\t\t\t\t\t\t\t\t\t\t<div class=\"slide fleches-on\">\n\t\t\t\t\t\n\n\t\t\t\t\t\t\t\t\t\t\t\t\t\t\t\t\t<strong>\n\t\t\t\t\t\t\t\t\t\t\t\t\t\t\t\t\t\t\t\t\t\t\t\t<span>2016<\/span>\n\t\t\t\t\t\t\t\t\t\t\t\t\t\t\t\t\t\t\t\t\t\t\t\t\tInternationalisation\n\t\t\t\t\t\t\t\t\t\t\t\t\t\t\t\t\t\t\t\t\t<\/strong>\n\t\t\t\t\t\t\t\t\t\t<div class=\"ct\">Le concept de la franchise Raison Home s\u2019ouvre \u00e0 l\u2019international avec des franchises \u00e0 la R\u00e9union, en Angleterre et en Belgique.<\/div>\n\t\t\t\t\t\t\t\t\t<\/div>\n\t\t\t\t\t<\/div>\n\t<\/div>\n<\/section><\/div>\n<\/div>\n\n\n\n<hr class=\"wp-block-separator has-alpha-channel-opacity\"\/>\n\n\n\n<div class=\"wp-block-columns are-vertically-aligned-center is-layout-flex wp-container-core-columns-is-layout-28f84493 wp-block-columns-is-layout-flex\">\n<div class=\"wp-block-column is-vertically-aligned-center is-layout-flow wp-block-column-is-layout-flow\">\n<figure class=\"wp-block-embed is-type-video is-provider-youtube wp-block-embed-youtube wp-embed-aspect-16-9 wp-has-aspect-ratio\"><div class=\"wp-block-embed__wrapper\">\n<iframe loading=\"lazy\" title=\"Rencontrez Laurent Raison - Raison Home\" width=\"500\" height=\"281\" src=\"https:\/\/www.youtube.com\/embed\/f_XLt7Mf1do?feature=oembed\" frameborder=\"0\" allow=\"accelerometer; autoplay; clipboard-write; encrypted-media; gyroscope; picture-in-picture; web-share\" referrerpolicy=\"strict-origin-when-cross-origin\" allowfullscreen><\/iframe>\n<\/div><\/figure>\n<\/div>\n\n\n\n<div class=\"wp-block-column is-vertically-aligned-center is-layout-flow wp-block-column-is-layout-flow\">\n<h2 class=\"wp-block-heading\">Le mot du pr\u00e9sident<\/h2>\n\n\n\n<p>&#8220;<em>En reprenant en 2008 la soci\u00e9t\u00e9 familiale fond\u00e9e par mon p\u00e8re, j\u2019ai tout d\u2019abord embrass\u00e9 ses valeurs et d\u00e9couvert la puissance du concept Raison Home.&#8221;<\/em><\/p>\n\n\n\n<div style=\"height:0px\" aria-hidden=\"true\" class=\"wp-block-spacer\"><\/div>\n\n\n\n<p><mark style=\"background-color:rgba(0, 0, 0, 0)\" class=\"has-inline-color has-1-color\">Laurent Raison, Pr\u00e9sident de Raison Home<\/mark><\/p>\n<\/div>\n<\/div>\n\n\n\n<hr class=\"wp-block-separator has-alpha-channel-opacity\"\/>\n\n\n<section class=\"acf chiffres-cles align wp-block-acf-chiffres-cles\" id=\"block_e646eb1115083477779f8d49a348e3ed\">\n\t<div class=\"container\">\n\t\t<div class=\"chiffres\">\n\t\t\t\t\t\t\t<div class=\"bloc\">\n\t\t\t\t\t<strong class=\"chiffre\">15<\/strong>\n\t\t\t\t\t<strong>Fournisseurs s\u00e9lectionn\u00e9s<\/strong>\n\t\t\t\t\t<p>avec minutie offrant une gamme compl\u00e8te pour l&#8217;am\u00e9nagement d&#8217;int\u00e9rieur<\/p>\n\t\t\t\t<\/div>\n\t\t\t\t\t\t\t<div class=\"bloc\">\n\t\t\t\t\t<strong class=\"chiffre\">20<\/strong>\n\t\t\t\t\t<strong>Experts m\u00e9tiers<\/strong>\n\t\t\t\t\t<p>au service de nos franchis\u00e9s pour garantir leur succ\u00e8s<\/p>\n\t\t\t\t<\/div>\n\t\t\t\t\t\t\t<div class=\"bloc\">\n\t\t\t\t\t<strong class=\"chiffre\">120<\/strong>\n\t\t\t\t\t<strong>Franchis\u00e9s<\/strong>\n\t\t\t\t\t<p>travaillant avec passion en France et \u00e0 l&#8217;international<\/p>\n\t\t\t\t<\/div>\n\t\t\t\t\t<\/div>\n\t\t\t<\/div>\n\n    <\/section>\n\n\n<hr class=\"wp-block-separator has-alpha-channel-opacity\"\/>\n\n\n<section class=\"acf cta align wp-block-acf-cta\" id=\"block_424682c805a187a8ed3219b879257b31\">\n\t<div class=\"bloc\">\n\t\t<div class=\"container\">\n\t\t\t\t\t\t\t<div class=\"thumb\">\n\t\t\t\t\t<picture>\n\t\t\t\t\t\t\t<source type=\"image\/webp\" srcset=\"https:\/\/franchise.raisonhome.com\/app\/uploads\/2024\/09\/developper-entreprise-rh.webp, https:\/\/franchise.raisonhome.com\/app\/uploads\/2024\/09\/developper-entreprise-rh@2x.webp 2x\">\n\t\t\t\t\t\t\t<source type=\"image\/jpeg\" srcset=\"https:\/\/franchise.raisonhome.com\/app\/uploads\/2024\/09\/developper-entreprise-rh.jpg, https:\/\/franchise.raisonhome.com\/app\/uploads\/2024\/09\/developper-entreprise-rh@2x.jpg 2x\">\n\t\t\t\t\t\t\t<img loading=\"lazy\" decoding=\"async\" src=\"https:\/\/franchise.raisonhome.com\/app\/uploads\/2024\/09\/developper-entreprise-rh.jpg\" width=\"390\" height=\"260\" alt=\"D\u00e9velopper votre entreprise avec Raison Home\" \/>\n\t\t\t\t\t<\/picture>\n\t\t\t\t<\/div>\n\t\t\t\t\t\t<div class=\"ct\">\n\t\t\t\t<h3>Un r\u00e9seau de professionnels unis par les m\u00eames valeurs<\/h3>\n\t\t\t\t<p>Chez Raison Home, nos valeurs occupent une place centrale. Elles constituent la v\u00e9ritable essence du r\u00e9seau et elles sont une source d\u2019inspiration pour tous.<\/p>\n\t\t\t\t\t\t\t\t\t<a href=\"https:\/\/franchise.raisonhome.com\/fr-be\/contactez-nous\/\" class=\"btn\">D\u00e9couvrir le r\u00e9seau<\/a>\n\t\t\t\t\t\t\t<\/div>\n\t\t<\/div>\n\t<\/div>\n<\/section>\n\n\n\n<hr class=\"wp-block-separator has-alpha-channel-opacity\"\/>\n\n\n<section class=\"acf derniers-contenus align wp-block-acf-derniers-contenus\" id=\"block_c77844c80ae152f3912ac62efe121aea\">\n\t<div class=\"container\">\n\t\t<div class=\"h\">\n\t\t\t<h2>Les actualit\u00e9s de Raison Home<\/h2>\n\t\t\t\t\t\t\t\t<a href=\"https:\/\/franchise.raisonhome.com\/fr-be\/actualites-raison-home\/\" class=\"btn\">Toutes nos actualit\u00e9s<\/a>\n\t\t\t\t\t\t<\/div>\n\t\t\t\t\t<div class=\"list list-post\">\n\t\t\t\t\t\t\t\t\t\t\t\t\t\t\t<article class=\"card card-post\">\n            <picture>\n            <source type=\"image\/webp\" srcset=\"https:\/\/franchise.raisonhome.com\/app\/uploads\/2026\/03\/anne-sacre-rh-belge-740x430.webp, https:\/\/franchise.raisonhome.com\/app\/uploads\/2026\/03\/anne-sacre-rh-belge-740x430@2x.webp 2x\">\n            <source type=\"image\/jpeg\" srcset=\"https:\/\/franchise.raisonhome.com\/app\/uploads\/2026\/03\/anne-sacre-rh-belge-740x430.jpg, https:\/\/franchise.raisonhome.com\/app\/uploads\/2026\/03\/anne-sacre-rh-belge-740x430@2x.jpg 2x\">\n            <img loading=\"lazy\" decoding=\"async\" src=\"https:\/\/franchise.raisonhome.com\/app\/uploads\/2026\/03\/anne-sacre-rh-belge-740x430.jpg\" width=\"740\" height=\"430\" alt=\"Anne Sacre Home Designer Raison Home Belgium\" \/>\n        <\/picture>\n    \n    <strong class=\"title\">Anne Sacr\u00e9 est pass\u00e9e de cuisiniste en showroom \u00e0 Home Designer \u00e0 domicile: cela change quoi?<\/strong>\n    <div class=\"head\">\n                    <span>Actualit\u00e9s<\/span>\n                <span class=\"date\">13 Mars 2026<\/span>\n        <span class=\"lecture\"><\/span>\n    <\/div>\n\n            <div class=\"ct\">\n            D\u00e9couvrez le parcours d&#8217;Anne et son choix d&#8217;\u00eatre pass\u00e9 d&#8217;un mod\u00e8le avec showroom au mod\u00e8le Raison Home chez et avec le client.\n        <\/div>\n        <a href=\"https:\/\/franchise.raisonhome.com\/fr-be\/actualites-raison-home\/actualites\/anne-sacre-home-designer-raison-home\/\" class=\"btn\">\n                    Lire la suite\n            <\/a>\n<\/article>\n\t\t\t\t\t\t\t\t\t\t\t\t\t\t\t\t\t\t\t\t<article class=\"card card-post\">\n            <picture>\n            <source type=\"image\/webp\" srcset=\"https:\/\/franchise.raisonhome.com\/app\/uploads\/2025\/01\/eric-belge-740x430.webp, https:\/\/franchise.raisonhome.com\/app\/uploads\/2025\/01\/eric-belge-740x430@2x.webp 2x\">\n            <source type=\"image\/jpeg\" srcset=\"https:\/\/franchise.raisonhome.com\/app\/uploads\/2025\/01\/eric-belge-740x430.jpg, https:\/\/franchise.raisonhome.com\/app\/uploads\/2025\/01\/eric-belge-740x430@2x.jpg 2x\">\n            <img loading=\"lazy\" decoding=\"async\" src=\"https:\/\/franchise.raisonhome.com\/app\/uploads\/2025\/01\/eric-belge-740x430.jpg\" width=\"740\" height=\"430\" alt=\"Eric franchis\u00e9 Belge\" \/>\n        <\/picture>\n    \n    <strong class=\"title\">Raison Home renforce son r\u00e9seau \u00e0 Bruxelles gr\u00e2ce \u00e0 l&#8217;arriv\u00e9e d&#8217;Eric Vanderschueren<\/strong>\n    <div class=\"head\">\n                    <span>Actualit\u00e9s<\/span>\n                <span class=\"date\">18 Mars 2025<\/span>\n        <span class=\"lecture\"><\/span>\n    <\/div>\n\n            <div class=\"ct\">\n            Raison Home renforce sa position de leader de la vente de cuisines \u00e9quip\u00e9es et autres am\u00e9nagements int\u00e9rieurs \u00e0 domicile.\n        <\/div>\n        <a href=\"https:\/\/franchise.raisonhome.com\/fr-be\/actualites-raison-home\/actualites\/raison-home-renforce-son-reseau-a-bruxelles-grace-a-larrivee-deric-vanderschueren\/\" class=\"btn\">\n                    Lire la suite\n            <\/a>\n<\/article>\n\t\t\t\t\t\t\t\t\t\t\t\t\t\t\t\t\t\t\t\t<article class=\"card card-post\">\n            <picture>\n            <source type=\"image\/webp\" srcset=\"https:\/\/franchise.raisonhome.com\/app\/uploads\/2025\/01\/michele-iommazzo-1.webp, https:\/\/franchise.raisonhome.com\/app\/uploads\/2025\/01\/michele-iommazzo-1@2x.webp 2x\">\n            <source type=\"image\/jpeg\" srcset=\"https:\/\/franchise.raisonhome.com\/app\/uploads\/2025\/01\/michele-iommazzo-1.jpg, https:\/\/franchise.raisonhome.com\/app\/uploads\/2025\/01\/michele-iommazzo-1@2x.jpg 2x\">\n            <img loading=\"lazy\" decoding=\"async\" src=\"https:\/\/franchise.raisonhome.com\/app\/uploads\/2025\/01\/michele-iommazzo-1.jpg\" width=\"740\" height=\"430\" alt=\"Michele Iommazzo\" \/>\n        <\/picture>\n    \n    <strong class=\"title\">Un quatri\u00e8me franchis\u00e9 dans le Hainaut pour Raison Home<\/strong>\n    <div class=\"head\">\n                    <span>Actualit\u00e9s<\/span>\n                <span class=\"date\">17 F\u00e9vrier 2025<\/span>\n        <span class=\"lecture\"><\/span>\n    <\/div>\n\n            <div class=\"ct\">\n            Apr\u00e8s Adrien Binam\u00e9, H\u00e9l\u00e8ne Landuyt et Aur\u00e9lie Andr\u00e9, c&#8217;est au tour de\u00a0Michele Iommazzo\u00a0de rejoindre le r\u00e9seau des franchis\u00e9s Raison Home.\n        <\/div>\n        <a href=\"https:\/\/franchise.raisonhome.com\/fr-be\/actualites-raison-home\/actualites\/un-quatrieme-franchise-dans-le-hainaut-pour-raison-home\/\" class=\"btn\">\n                    Lire la suite\n            <\/a>\n<\/article>\n\t\t\t\t\t\t\t\t\t\t\t\t<\/div>\n\t\t\t<\/div>\n<\/section>\n\n\n<hr class=\"wp-block-separator has-alpha-channel-opacity\"\/>\n","protected":false},"excerpt":{"rendered":"<p>\u201cCe que j\u2019aime par-dessus tout dans la franchise Raison Home, c\u2019est la formation continue et le soutien offerts par le franchiseur, qui sont des atouts majeurs pour mieux conna\u00eetre les produits ainsi que le sentiment de faire partie d\u2019une famille.\u201d St\u00e9phane Ducarois, Franchis\u00e9 Raison Home Notre histoire Depuis ses d\u00e9buts en 1993, la franchise Raison [&hellip;]<\/p>\n","protected":false},"author":2,"featured_media":12910,"parent":0,"menu_order":0,"comment_status":"closed","ping_status":"closed","template":"","meta":{"_acf_changed":false,"footnotes":""},"class_list":["post-13139","page","type-page","status-publish","has-post-thumbnail","hentry"],"acf":[],"_links":{"self":[{"href":"https:\/\/franchise.raisonhome.com\/fr-be\/wp-json\/wp\/v2\/pages\/13139","targetHints":{"allow":["GET"]}}],"collection":[{"href":"https:\/\/franchise.raisonhome.com\/fr-be\/wp-json\/wp\/v2\/pages"}],"about":[{"href":"https:\/\/franchise.raisonhome.com\/fr-be\/wp-json\/wp\/v2\/types\/page"}],"author":[{"embeddable":true,"href":"https:\/\/franchise.raisonhome.com\/fr-be\/wp-json\/wp\/v2\/users\/2"}],"replies":[{"embeddable":true,"href":"https:\/\/franchise.raisonhome.com\/fr-be\/wp-json\/wp\/v2\/comments?post=13139"}],"version-history":[{"count":9,"href":"https:\/\/franchise.raisonhome.com\/fr-be\/wp-json\/wp\/v2\/pages\/13139\/revisions"}],"predecessor-version":[{"id":13886,"href":"https:\/\/franchise.raisonhome.com\/fr-be\/wp-json\/wp\/v2\/pages\/13139\/revisions\/13886"}],"wp:featuredmedia":[{"embeddable":true,"href":"https:\/\/franchise.raisonhome.com\/fr-be\/wp-json\/wp\/v2\/media\/12910"}],"wp:attachment":[{"href":"https:\/\/franchise.raisonhome.com\/fr-be\/wp-json\/wp\/v2\/media?parent=13139"}],"curies":[{"name":"wp","href":"https:\/\/api.w.org\/{rel}","templated":true}]}}