{"id":13800,"date":"2025-05-05T16:52:28","date_gmt":"2025-05-05T14:52:28","guid":{"rendered":"https:\/\/franchise.raisonhome.com\/?page_id=13800"},"modified":"2025-05-19T12:08:28","modified_gmt":"2025-05-19T10:08:28","slug":"the-concept","status":"publish","type":"page","link":"https:\/\/franchise.raisonhome.com\/en\/the-concept\/","title":{"rendered":"The concept"},"content":{"rendered":"<section class=\"acf entete-de-page align wp-block-acf-entete-de-page\" id=\"block_f837e7e52522c638ee57e7123abb83d0\">\n\t<div class=\"container\">\n\t\t<div class=\"bloc\">\n\t\t\t\n\t\t\t\t\t\t\t\t\t<picture>\n\t\t\t\t\t\t<source type=\"image\/webp\" srcset=\"https:\/\/franchise.raisonhome.com\/app\/uploads\/2024\/09\/domicile-benef-client-1024x480.webp, https:\/\/franchise.raisonhome.com\/app\/uploads\/2024\/09\/domicile-benef-client-1024x480@2x.webp 2x\">\n\t\t\t\t\t\t<source type=\"image\/jpeg\" srcset=\"https:\/\/franchise.raisonhome.com\/app\/uploads\/2024\/09\/domicile-benef-client-1024x480.jpg, https:\/\/franchise.raisonhome.com\/app\/uploads\/2024\/09\/domicile-benef-client-1024x480@2x.jpg 2x\">\n\t\t\t\t\t\t<img loading=\"lazy\" decoding=\"async\" src=\"https:\/\/franchise.raisonhome.com\/app\/uploads\/2024\/09\/domicile-benef-client-1024x480.jpg\" width=\"390\" height=\"260\" alt=\"L'am\u00e9nagement \u00e0 domicile, le b\u00e9n\u00e9fice client\" \/>\n\t\t\t\t\t<\/picture>\n\t\t\t\t\t\t\t\t<div class=\"content \">\n\t\t\t\t\t<h1>At home, With you, For you<\/h1>\n\t\t\t\t\t<p>Discover Raison Home: European leader in home interior design, kitchens, dressing rooms, storage, living rooms, bathrooms.<\/p>\n\t\t\t\t<\/div>\n\n\t\t\t\t\t<\/div>\n\t<\/div>\n<\/section>\n\n\n<hr class=\"wp-block-separator has-alpha-channel-opacity\"\/>\n\n\n\n<h2 class=\"wp-block-heading has-text-align-center\">It is in your home that the best solutions for your project take shape.<\/h2>\n\n\n\n<hr class=\"wp-block-separator has-alpha-channel-opacity\"\/>\n\n\n\n<div class=\"wp-block-columns are-vertically-aligned-center is-layout-flex wp-container-core-columns-is-layout-28f84493 wp-block-columns-is-layout-flex\">\n<div class=\"wp-block-column is-vertically-aligned-center is-layout-flow wp-block-column-is-layout-flow\">\n<figure class=\"wp-block-image size-full is-style-rounded\"><img loading=\"lazy\" decoding=\"async\" width=\"525\" height=\"525\" src=\"https:\/\/franchise.raisonhome.com\/app\/uploads\/2025\/05\/concept-rh-dev.jpg\" alt=\"Chez le client, concept Raison Home\" class=\"wp-image-13712\" srcset=\"https:\/\/franchise.raisonhome.com\/app\/uploads\/2025\/05\/concept-rh-dev.jpg 525w, https:\/\/franchise.raisonhome.com\/app\/uploads\/2025\/05\/concept-rh-dev-300x300.jpg 300w, https:\/\/franchise.raisonhome.com\/app\/uploads\/2025\/05\/concept-rh-dev-150x150.jpg 150w, https:\/\/franchise.raisonhome.com\/app\/uploads\/2025\/05\/concept-rh-dev-50x50.jpg 50w\" sizes=\"auto, (max-width: 525px) 100vw, 525px\" \/><\/figure>\n<\/div>\n\n\n\n<div class=\"wp-block-column is-vertically-aligned-center is-layout-flow wp-block-column-is-layout-flow\">\n<h2 class=\"wp-block-heading\"><mark style=\"background-color:rgba(0, 0, 0, 0)\" class=\"has-inline-color has-1-color\">At<\/mark> the customer&#8217;s house<\/h2>\n\n\n\n<p><br>We have rethought the traditional approach by placing <strong>the meeting with the customer at the heart of our approach<\/strong>. No more impersonal showrooms or restrictive schedules! You are the expert who walks through their door, <strong>absorbs their atmosphere<\/strong> and <strong>builds a relationship of authentic trust<\/strong>.<\/p>\n\n\n\n<div style=\"height:10px\" aria-hidden=\"true\" class=\"wp-block-spacer\"><\/div>\n\n\n\n<p>It is in this <strong>unique environment<\/strong> that the magic happens: you have before your eyes the area, the light, the existing constraints, all the precious elements needed to <strong>co-design a truly tailor-made project<\/strong>, a creation which perfectly matches their lifestyle and their aspirations. It is there, in their living space, <strong>that the most inspired solutions take shape<\/strong>.<\/p>\n<\/div>\n<\/div>\n\n\n\n<hr class=\"wp-block-separator has-alpha-channel-opacity\"\/>\n\n\n\n<div class=\"wp-block-columns are-vertically-aligned-center is-layout-flex wp-container-core-columns-is-layout-28f84493 wp-block-columns-is-layout-flex\">\n<div class=\"wp-block-column is-vertically-aligned-center is-layout-flow wp-block-column-is-layout-flow\">\n<h2 class=\"wp-block-heading\"><mark style=\"background-color:rgba(0, 0, 0, 0)\" class=\"has-inline-color has-1-color\">With<\/mark> you customer<\/h2>\n\n\n\n<p>We are convinced that the client is <strong>the real designer<\/strong> in their interior design project. With this conviction in mind, our approach is based on <strong>co-design<\/strong>.<\/p>\n\n\n\n<div style=\"height:10px\" aria-hidden=\"true\" class=\"wp-block-spacer\"><\/div>\n\n\n\n<p>Imagine entering your customer&#8217;s home, not as a simple service provider, but as a <strong>privileged partner<\/strong>. You take the time necessary to understand their deep aspirations, their dreams, and, together, <strong>you bring to life a space that truly resembles them<\/strong>. This close relationship, free from the pressure of showrooms, <strong>creates a solid and unique trust<\/strong>.<\/p>\n\n\n\n<div style=\"height:10px\" aria-hidden=\"true\" class=\"wp-block-spacer\"><\/div>\n\n\n\n<p><strong>Your expertise<\/strong> then becomes the catalyst for his desires, guiding them towards the best solutions. <strong>The pride<\/strong> they will take from this project, in which they have fully participated, <strong>will be your best business card<\/strong>, opening the doors to future recommendations and new projects.<\/p>\n<\/div>\n\n\n\n<div class=\"wp-block-column is-vertically-aligned-center is-layout-flow wp-block-column-is-layout-flow\">\n<figure class=\"wp-block-image alignright size-full is-style-rounded\"><img loading=\"lazy\" decoding=\"async\" width=\"525\" height=\"525\" src=\"https:\/\/franchise.raisonhome.com\/app\/uploads\/2025\/05\/concept-rh-dev-2.jpg\" alt=\"Avec le client, concept Raison Home\" class=\"wp-image-13718\" srcset=\"https:\/\/franchise.raisonhome.com\/app\/uploads\/2025\/05\/concept-rh-dev-2.jpg 525w, https:\/\/franchise.raisonhome.com\/app\/uploads\/2025\/05\/concept-rh-dev-2-300x300.jpg 300w, https:\/\/franchise.raisonhome.com\/app\/uploads\/2025\/05\/concept-rh-dev-2-150x150.jpg 150w, https:\/\/franchise.raisonhome.com\/app\/uploads\/2025\/05\/concept-rh-dev-2-50x50.jpg 50w\" sizes=\"auto, (max-width: 525px) 100vw, 525px\" \/><\/figure>\n<\/div>\n<\/div>\n\n\n\n<hr class=\"wp-block-separator has-alpha-channel-opacity\"\/>\n\n\n\n<div class=\"wp-block-columns are-vertically-aligned-center is-layout-flex wp-container-core-columns-is-layout-28f84493 wp-block-columns-is-layout-flex\">\n<div class=\"wp-block-column is-vertically-aligned-center is-layout-flow wp-block-column-is-layout-flow\">\n<figure class=\"wp-block-image size-full\"><img loading=\"lazy\" decoding=\"async\" width=\"525\" height=\"525\" src=\"https:\/\/franchise.raisonhome.com\/app\/uploads\/2025\/05\/concept-rh-dev-vr.jpg\" alt=\"Pour le client, concept Raison Home\" class=\"wp-image-13715\" srcset=\"https:\/\/franchise.raisonhome.com\/app\/uploads\/2025\/05\/concept-rh-dev-vr.jpg 525w, https:\/\/franchise.raisonhome.com\/app\/uploads\/2025\/05\/concept-rh-dev-vr-300x300.jpg 300w, https:\/\/franchise.raisonhome.com\/app\/uploads\/2025\/05\/concept-rh-dev-vr-150x150.jpg 150w, https:\/\/franchise.raisonhome.com\/app\/uploads\/2025\/05\/concept-rh-dev-vr-50x50.jpg 50w\" sizes=\"auto, (max-width: 525px) 100vw, 525px\" \/><\/figure>\n<\/div>\n\n\n\n<div class=\"wp-block-column is-vertically-aligned-center is-layout-flow wp-block-column-is-layout-flow\">\n<h2 class=\"wp-block-heading\"><mark style=\"background-color:rgba(0, 0, 0, 0)\" class=\"has-inline-color has-1-color\">For<\/mark> the customer<\/h2>\n\n\n\n<p>We know that your client wants a <strong>single point of contact<\/strong>, a true conductor responsible for the success of their project down to the smallest detail. As a franchisee, you embody this <strong>trusted figure<\/strong>, coordinating all the craftsmen linked to the project and ensuring that each stage runs <strong>smoothly<\/strong>, in accordance with expectations and the established schedule.<\/p>\n\n\n\n<div style=\"height:10px\" aria-hidden=\"true\" class=\"wp-block-spacer\"><\/div>\n\n\n\n<p>By doing so, you save them the stress of having to juggle different stakeholders and <strong>you guarantee them a final result that lives up to their dreams<\/strong>. Thanks to our co-design approach, you are as close as possible to its needs, thus <strong>minimising the risks of misunderstandings<\/strong> and potential inconveniences. Choosing Raison Home means offering your client <strong>peace of mind<\/strong> and <strong>the certainty of a successful project<\/strong>, from A to Z.<\/p>\n<\/div>\n<\/div>\n\n\n\n<hr class=\"wp-block-separator has-alpha-channel-opacity\"\/>\n\n\n<section class=\"acf cartes-informatives align wp-block-acf-cartes-informatives\" id=\"block_a5b7b09c3d819b94b0ac070b83905210\">\n\t<div class=\"container\">\n\t\t\t\t\t<div class=\"intro\">\n\t\t\t\t<h2 class=\"titre\">\n\t\t\t\t\t<p style=\"text-align: center;\"><span style=\"color: #c49b27;\">The values<\/span> \u200b\u200bof Raison Home<\/p>\n\n\t\t\t\t<\/h2>\n\t\t\t<\/div>\n\t\t\n\t\t<div class=\"grid\">\n\t\t\t\t\t\t\t<div class=\"item card-informative\">\n\t\t\t\t\t<picture class=\"image\">\n\t\t\t\t\t\t\t\t\t\t\t\t\t<source type=\"image\/webp\" srcset=\"https:\/\/franchise.raisonhome.com\/app\/uploads\/2024\/10\/ff-avec-clients.webp, https:\/\/franchise.raisonhome.com\/app\/uploads\/2024\/10\/ff-avec-clients@2x.webp 2x\">\n\t\t\t\t\t\t\t<source type=\"image\/jpeg\" srcset=\"https:\/\/franchise.raisonhome.com\/app\/uploads\/2024\/10\/ff-avec-clients.jpg, https:\/\/franchise.raisonhome.com\/app\/uploads\/2024\/10\/ff-avec-clients@2x.jpg 2x\">\n\t\t\t\t\t\t\t<img loading=\"lazy\" decoding=\"async\" src=\"https:\/\/franchise.raisonhome.com\/app\/uploads\/2024\/10\/ff-avec-clients.jpg\" alt=\"With you at home\" width=\"560\" height=\"760\">\n\t\t\t\t\t\t\t\t\t\t\t<\/picture>\n\n\t\t\t\t\t\t\t\t\t\t\t<div class=\"content\">\n\t\t\t\t\t\t\t\t\t\t\t\t\t\t\t<div class=\"titre\">\n\t\t\t\t\t\t\t\t\tFamily\n\t\t\t\t\t\t\t\t<\/div>\n\t\t\t\t\t\t\t\n\t\t\t\t\t\t\t\t\t\t\t\t\t\t\t<div class=\"contenu\">\n\t\t\t\t\t\t\t\t\t<p style=\"text-align: center;\">By understanding the family&#8217;s habits at home, we can create spaces where everyone can thrive.<\/p>\n\n\t\t\t\t\t\t\t\t<\/div>\n\t\t\t\t\t\t\t\t\t\t\t\t\t<\/div>\n\t\t\t\t\t\t\t\t\t<\/div>\n\t\t\t\t\t\t\t<div class=\"item card-informative\">\n\t\t\t\t\t<picture class=\"image\">\n\t\t\t\t\t\t\t\t\t\t\t\t\t<source type=\"image\/webp\" srcset=\"https:\/\/franchise.raisonhome.com\/app\/uploads\/2024\/09\/profil-redevances.webp, https:\/\/franchise.raisonhome.com\/app\/uploads\/2024\/09\/profil-redevances@2x.webp 2x\">\n\t\t\t\t\t\t\t<source type=\"image\/jpeg\" srcset=\"https:\/\/franchise.raisonhome.com\/app\/uploads\/2024\/09\/profil-redevances.jpg, https:\/\/franchise.raisonhome.com\/app\/uploads\/2024\/09\/profil-redevances@2x.jpg 2x\">\n\t\t\t\t\t\t\t<img loading=\"lazy\" decoding=\"async\" src=\"https:\/\/franchise.raisonhome.com\/app\/uploads\/2024\/09\/profil-redevances.jpg\" alt=\"Redevances chez Raison Home\" width=\"560\" height=\"760\">\n\t\t\t\t\t\t\t\t\t\t\t<\/picture>\n\n\t\t\t\t\t\t\t\t\t\t\t<div class=\"content\">\n\t\t\t\t\t\t\t\t\t\t\t\t\t\t\t<div class=\"titre\">\n\t\t\t\t\t\t\t\t\tHonesty\n\t\t\t\t\t\t\t\t<\/div>\n\t\t\t\t\t\t\t\n\t\t\t\t\t\t\t\t\t\t\t\t\t\t\t<div class=\"contenu\">\n\t\t\t\t\t\t\t\t\t<p style=\"text-align: center;\">Honour the trust of our customers by being respectful upon welcoming you into their homes.<\/p>\n\n\t\t\t\t\t\t\t\t<\/div>\n\t\t\t\t\t\t\t\t\t\t\t\t\t<\/div>\n\t\t\t\t\t\t\t\t\t<\/div>\n\t\t\t\t\t\t\t<div class=\"item card-informative\">\n\t\t\t\t\t<picture class=\"image\">\n\t\t\t\t\t\t\t\t\t\t\t\t\t<source type=\"image\/webp\" srcset=\"https:\/\/franchise.raisonhome.com\/app\/uploads\/2024\/09\/reconversion-partielle-cequevousvoulez.webp, https:\/\/franchise.raisonhome.com\/app\/uploads\/2024\/09\/reconversion-partielle-cequevousvoulez@2x.webp 2x\">\n\t\t\t\t\t\t\t<source type=\"image\/jpeg\" srcset=\"https:\/\/franchise.raisonhome.com\/app\/uploads\/2024\/09\/reconversion-partielle-cequevousvoulez.jpg, https:\/\/franchise.raisonhome.com\/app\/uploads\/2024\/09\/reconversion-partielle-cequevousvoulez@2x.jpg 2x\">\n\t\t\t\t\t\t\t<img loading=\"lazy\" decoding=\"async\" src=\"https:\/\/franchise.raisonhome.com\/app\/uploads\/2024\/09\/reconversion-partielle-cequevousvoulez.jpg\" alt=\"Que voulez vous en reconversion partielle\" width=\"560\" height=\"760\">\n\t\t\t\t\t\t\t\t\t\t\t<\/picture>\n\n\t\t\t\t\t\t\t\t\t\t\t<div class=\"content\">\n\t\t\t\t\t\t\t\t\t\t\t\t\t\t\t<div class=\"titre\">\n\t\t\t\t\t\t\t\t\tCollaboration\n\t\t\t\t\t\t\t\t<\/div>\n\t\t\t\t\t\t\t\n\t\t\t\t\t\t\t\t\t\t\t\t\t\t\t<div class=\"contenu\">\n\t\t\t\t\t\t\t\t\t<p style=\"text-align: center;\">A partnership where the expertise of our franchisees guides and reassures the customer.<\/p>\n\n\t\t\t\t\t\t\t\t<\/div>\n\t\t\t\t\t\t\t\t\t\t\t\t\t<\/div>\n\t\t\t\t\t\t\t\t\t<\/div>\n\t\t\t\t\t\t\t<div class=\"item card-informative\">\n\t\t\t\t\t<picture class=\"image\">\n\t\t\t\t\t\t\t\t\t\t\t\t\t<source type=\"image\/webp\" srcset=\"https:\/\/franchise.raisonhome.com\/app\/uploads\/2024\/09\/parcours-signature-contrat.webp, https:\/\/franchise.raisonhome.com\/app\/uploads\/2024\/09\/parcours-signature-contrat@2x.webp 2x\">\n\t\t\t\t\t\t\t<source type=\"image\/jpeg\" srcset=\"https:\/\/franchise.raisonhome.com\/app\/uploads\/2024\/09\/parcours-signature-contrat.jpg, https:\/\/franchise.raisonhome.com\/app\/uploads\/2024\/09\/parcours-signature-contrat@2x.jpg 2x\">\n\t\t\t\t\t\t\t<img loading=\"lazy\" decoding=\"async\" src=\"https:\/\/franchise.raisonhome.com\/app\/uploads\/2024\/09\/parcours-signature-contrat.jpg\" alt=\"Signature du contrat chez Raison Home\" width=\"560\" height=\"760\">\n\t\t\t\t\t\t\t\t\t\t\t<\/picture>\n\n\t\t\t\t\t\t\t\t\t\t\t<div class=\"content\">\n\t\t\t\t\t\t\t\t\t\t\t\t\t\t\t<div class=\"titre\">\n\t\t\t\t\t\t\t\t\tPositive\n\t\t\t\t\t\t\t\t<\/div>\n\t\t\t\t\t\t\t\n\t\t\t\t\t\t\t\t\t\t\t\t\t\t\t<div class=\"contenu\">\n\t\t\t\t\t\t\t\t\t<p style=\"text-align: center;\">Approach each project with enthusiasm and the joy of pleasing our customers. Our reward is their satisfaction.<\/p>\n\n\t\t\t\t\t\t\t\t<\/div>\n\t\t\t\t\t\t\t\t\t\t\t\t\t<\/div>\n\t\t\t\t\t\t\t\t\t<\/div>\n\t\t\t\t\t<\/div>\n\t<\/div>\n<\/section>\n\n\n<hr class=\"wp-block-separator has-alpha-channel-opacity\"\/>\n\n\n\n<div class=\"wp-block-columns are-vertically-aligned-top is-style-sticky is-layout-flex wp-container-core-columns-is-layout-28f84493 wp-block-columns-is-layout-flex\">\n<div class=\"wp-block-column is-vertically-aligned-top is-layout-flow wp-block-column-is-layout-flow\">\n<h2 class=\"wp-block-heading\">Raison Home supports <mark style=\"background-color:rgba(0, 0, 0, 0)\" class=\"has-inline-color has-1-color\">your entrepreneurial ambition<\/mark><\/h2>\n\n\n\n<p>Our <strong>unique model <\/strong>ensures <strong>immediate profitability<\/strong>, <strong>high margins<\/strong> to develop your business and the <strong>valorisation<\/strong> of a sustainable asset. Your success is our driving force.<\/p>\n<\/div>\n\n\n\n<div class=\"wp-block-column is-vertically-aligned-top is-layout-flow wp-block-column-is-layout-flow\"><section class=\"acf slider-vertical align wp-block-acf-slider-vertical\" id=\"block_563cfa69705900d72830d2cc756b91d2\">\n\t<div class=\"container\">\n\t\t<div class=\"slides \">\n\t\t\t\t\t\t\t\t\t\t\t\t\t\t<div class=\"slide fleches-on\">\n\t\t\t\t\t\n\n\t\t\t\t\t\t\t\t\t\t\t\t\t\t\t\t\t<strong>\n\t\t\t\t\t\t\t\t\t\t\t\t\t\t\t\t\t\t\t\t\t\t\t\t\t\t\t\t\t\t\t\tProfitability threshold is quick and easy to reach\n\t\t\t\t\t\t\t\t\t\t\t\t\t\t\t\t\t\t\t\t\t<\/strong>\n\t\t\t\t\t\t\t\t\t\t<div class=\"ct\">Thanks to an <b>optimised and particularly light cost structure<\/b> , the majority of our franchisees reach the <b>profitability threshold<\/b> from their first fiscal year, with only one to two sales per month. \r\n<br><br>\r\nIn addition, our unique system ensures you continuous positive cash flow: <b>you do not have to carry the weight of stock<\/b> and you pay your suppliers only after having been paid by your customers. \r\nThis financial agility gives you a solid foundation to <b>develop your business peacefully<\/b>.<\/div>\n\t\t\t\t\t\t\t\t\t<\/div>\n\t\t\t\t\t\t\t\t\t\t\t<div class=\"slide fleches-on\">\n\t\t\t\t\t\n\n\t\t\t\t\t\t\t\t\t\t\t\t\t\t\t\t\t<strong>\n\t\t\t\t\t\t\t\t\t\t\t\t\t\t\t\t\t\t\t\t\t\t\t\t\t\t\t\t\t\t\t\t Unprecedented profit prospects\n\t\t\t\t\t\t\t\t\t\t\t\t\t\t\t\t\t\t\t\t\t<\/strong>\n\t\t\t\t\t\t\t\t\t\t<div class=\"ct\">Our model offers you remarkable profit prospects, with the possibility of targeting <b>added value ranging from 15 to 25%<\/b> within your company, depending on your management and your business volume. \r\n<br><br>\r\nThis strong profitability quickly translates into significant excess cash flow, giving you the freedom <b>to invest in growing your business<\/b>. Whether through the engagement of new talents, targeted prospecting and communication initiatives, or other development strategies, Raison Home gives you <b>the means to achieve your ambitions<\/b>.<\/div>\n\t\t\t\t\t\t\t\t\t<\/div>\n\t\t\t\t\t\t\t\t\t\t\t<div class=\"slide fleches-on\">\n\t\t\t\t\t\n\n\t\t\t\t\t\t\t\t\t\t\t\t\t\t\t\t\t<strong>\n\t\t\t\t\t\t\t\t\t\t\t\t\t\t\t\t\t\t\t\t\t\t\t\t\t\t\t\t\t\t\t\tEnhance your heritage\n\t\t\t\t\t\t\t\t\t\t\t\t\t\t\t\t\t\t\t\t\t<\/strong>\n\t\t\t\t\t\t\t\t\t\t<div class=\"ct\">Over time and with effective management, your business increases in value. Our franchise contract, designed for a long-term partnership, <b>offers the possibility of being renewed free of charge<\/b>, thus ensuring the continuity and development of your business. \r\n<br><br>\r\nThe day you want to consider a transition, whether to retire or explore new opportunities, Raison Home will support you in <b>the valuation and sale of your business<\/b>, in order to get the best results from it. <br><br>\r\nIn addition, passing on your franchise to your heirs is a concrete option, thus perpetuating an entrepreneurial legacy.<\/div>\n\t\t\t\t\t\t\t\t\t<\/div>\n\t\t\t\t\t\t\t\t\t\t\t<div class=\"slide fleches-on\">\n\t\t\t\t\t\n\n\t\t\t\t\t\t\t\t\t\t\t\t\t\t\t\t\t<strong>\n\t\t\t\t\t\t\t\t\t\t\t\t\t\t\t\t\t\t\t\t\t\t\t\t\t\t\t\t\t\t\t\tMutual development, your success, our success\n\t\t\t\t\t\t\t\t\t\t\t\t\t\t\t\t\t\t\t\t\t<\/strong>\n\t\t\t\t\t\t\t\t\t\t<div class=\"ct\">Raison Home&#8217;s DNA is based on a fundamental principle: <b>your success is intrinsically linked to ours<\/b>. We are not just a franchise network, we are a true partnership where the development of each franchisee is a top priority. \r\n<br><br>\r\nWe provide you with our expertise, our innovative tools and constant support to enable you to achieve your objectives. <b>Your growth<\/b> fuels the strength and reputation of the entire network, creating a virtuous circle of mutual success. <br><br>\r\nAt Raison Home, <b>we grow together<\/b>.<\/div>\n\t\t\t\t\t\t\t\t\t<\/div>\n\t\t\t\t\t<\/div>\n\t<\/div>\n<\/section><\/div>\n<\/div>\n\n\n\n<hr class=\"wp-block-separator has-alpha-channel-opacity\"\/>\n","protected":false},"excerpt":{"rendered":"<p>It is in your home that the best solutions for your project take shape. At the customer&#8217;s house We have rethought the traditional approach by placing the meeting with the customer at the heart of our approach. No more impersonal showrooms or restrictive schedules! You are the expert who walks through their door, absorbs their [&hellip;]<\/p>\n","protected":false},"author":2,"featured_media":10511,"parent":0,"menu_order":0,"comment_status":"closed","ping_status":"closed","template":"","meta":{"_acf_changed":false,"footnotes":""},"class_list":["post-13800","page","type-page","status-publish","has-post-thumbnail","hentry"],"acf":[],"_links":{"self":[{"href":"https:\/\/franchise.raisonhome.com\/en\/wp-json\/wp\/v2\/pages\/13800","targetHints":{"allow":["GET"]}}],"collection":[{"href":"https:\/\/franchise.raisonhome.com\/en\/wp-json\/wp\/v2\/pages"}],"about":[{"href":"https:\/\/franchise.raisonhome.com\/en\/wp-json\/wp\/v2\/types\/page"}],"author":[{"embeddable":true,"href":"https:\/\/franchise.raisonhome.com\/en\/wp-json\/wp\/v2\/users\/2"}],"replies":[{"embeddable":true,"href":"https:\/\/franchise.raisonhome.com\/en\/wp-json\/wp\/v2\/comments?post=13800"}],"version-history":[{"count":16,"href":"https:\/\/franchise.raisonhome.com\/en\/wp-json\/wp\/v2\/pages\/13800\/revisions"}],"predecessor-version":[{"id":13823,"href":"https:\/\/franchise.raisonhome.com\/en\/wp-json\/wp\/v2\/pages\/13800\/revisions\/13823"}],"wp:featuredmedia":[{"embeddable":true,"href":"https:\/\/franchise.raisonhome.com\/en\/wp-json\/wp\/v2\/media\/10511"}],"wp:attachment":[{"href":"https:\/\/franchise.raisonhome.com\/en\/wp-json\/wp\/v2\/media?parent=13800"}],"curies":[{"name":"wp","href":"https:\/\/api.w.org\/{rel}","templated":true}]}}